{"id":8555,"date":"2021-12-01T10:39:28","date_gmt":"2021-12-01T10:39:28","guid":{"rendered":"https:\/\/maintenance.orpailleur.ch\/?post_type=product&#038;p=8555"},"modified":"2024-12-11T14:19:06","modified_gmt":"2024-12-11T13:19:06","slug":"in-syrah-we-trust-copie","status":"publish","type":"product","link":"https:\/\/maintenance.orpailleur.ch\/de\/produkt\/in-syrah-we-trust-copie\/","title":{"rendered":"Torpilleur \u00dcberlebens-Set"},"content":{"rendered":"<p>Mit diesem Set sind Sie f\u00fcr alle Eventualit\u00e4ten ger\u00fcstet!<\/p>\n<p>1x Flasche Torpilleur Rot 50cl<br \/>\n+<br \/>\n1x Flasche Torpilleur Wei\u00df 50cl<br \/>\n+<br \/>\n1x Regenschirm<br \/>\n+<br \/>\n1x Schweizer Sackmesser<br \/>\n+<br \/>\n1x Sonnenbrille<\/p>\n","protected":false},"excerpt":{"rendered":"<p>Mit diesem Set sind Sie f\u00fcr alle Eventualit\u00e4ten ger\u00fcstet! 1x Flasche Torpilleur Rot 50cl + 1x Flasche Torpilleur Wei\u00df 50cl + 1x Regenschirm + 1x Schweizer Sackmesser + 1x Sonnenbrille<\/p>\n","protected":false},"featured_media":8545,"template":"","meta":[],"product_brand":[],"product_cat":[242],"product_tag":[246],"product_taxonomy":[],"class_list":{"0":"post-8555","1":"product","2":"type-product","3":"status-publish","4":"has-post-thumbnail","6":"product_cat-set","7":"product_tag-geschenk-de","9":"first","10":"instock","11":"sale","12":"shipping-taxable","13":"purchasable","14":"product-type-variable","15":"has-default-attributes"},"yoast_head":"<!-- This site is optimized with the Yoast SEO plugin v25.8 - https:\/\/yoast.com\/wordpress\/plugins\/seo\/ -->\n<title>Torpilleur \u00dcberlebens-Set - Cave l&#039;orpailleur, Fr\u00e9d\u00e9ric Dumoulin, Encaveur<\/title>\n<meta name=\"robots\" content=\"index, follow, max-snippet:-1, max-image-preview:large, max-video-preview:-1\" \/>\n<link rel=\"canonical\" href=\"https:\/\/maintenance.orpailleur.ch\/de\/produkt\/in-syrah-we-trust-copie\/\" \/>\n<meta property=\"og:locale\" content=\"de_DE\" \/>\n<meta property=\"og:type\" content=\"article\" \/>\n<meta property=\"og:title\" content=\"Torpilleur \u00dcberlebens-Set - Cave l&#039;orpailleur, Fr\u00e9d\u00e9ric Dumoulin, Encaveur\" \/>\n<meta property=\"og:description\" content=\"Mit diesem Set sind Sie f\u00fcr alle Eventualit\u00e4ten ger\u00fcstet! 1x Flasche Torpilleur Rot 50cl + 1x Flasche Torpilleur Wei\u00df 50cl + 1x Regenschirm + 1x Schweizer Sackmesser + 1x Sonnenbrille\" \/>\n<meta property=\"og:url\" content=\"https:\/\/maintenance.orpailleur.ch\/de\/produkt\/in-syrah-we-trust-copie\/\" \/>\n<meta property=\"og:site_name\" content=\"Cave l&#039;orpailleur, Fr\u00e9d\u00e9ric Dumoulin, Encaveur\" \/>\n<meta property=\"article:publisher\" content=\"https:\/\/www.facebook.com\/cave.lorpailleur\/\" \/>\n<meta property=\"article:modified_time\" content=\"2024-12-11T13:19:06+00:00\" \/>\n<meta property=\"og:image\" content=\"https:\/\/maintenance.orpailleur.ch\/wp-content\/uploads\/2020\/12\/torpilleur.png\" \/>\n\t<meta property=\"og:image:width\" content=\"1000\" \/>\n\t<meta property=\"og:image:height\" content=\"1802\" \/>\n\t<meta property=\"og:image:type\" content=\"image\/png\" \/>\n<meta name=\"twitter:card\" content=\"summary_large_image\" \/>\n<meta name=\"twitter:label1\" content=\"Gesch\u00e4tzte Lesezeit\" \/>\n\t<meta name=\"twitter:data1\" content=\"1\u00a0Minute\" \/>\n<script type=\"application\/ld+json\" class=\"yoast-schema-graph\">{\"@context\":\"https:\/\/schema.org\",\"@graph\":[{\"@type\":\"WebPage\",\"@id\":\"https:\/\/maintenance.orpailleur.ch\/de\/produkt\/in-syrah-we-trust-copie\/\",\"url\":\"https:\/\/maintenance.orpailleur.ch\/de\/produkt\/in-syrah-we-trust-copie\/\",\"name\":\"Torpilleur \u00dcberlebens-Set - Cave l'orpailleur, Fr\u00e9d\u00e9ric Dumoulin, Encaveur\",\"isPartOf\":{\"@id\":\"https:\/\/maintenance.orpailleur.ch\/de\/#website\"},\"primaryImageOfPage\":{\"@id\":\"https:\/\/maintenance.orpailleur.ch\/de\/produkt\/in-syrah-we-trust-copie\/#primaryimage\"},\"image\":{\"@id\":\"https:\/\/maintenance.orpailleur.ch\/de\/produkt\/in-syrah-we-trust-copie\/#primaryimage\"},\"thumbnailUrl\":\"https:\/\/maintenance.orpailleur.ch\/wp-content\/uploads\/2020\/12\/torpilleur.png\",\"datePublished\":\"2021-12-01T10:39:28+00:00\",\"dateModified\":\"2024-12-11T13:19:06+00:00\",\"breadcrumb\":{\"@id\":\"https:\/\/maintenance.orpailleur.ch\/de\/produkt\/in-syrah-we-trust-copie\/#breadcrumb\"},\"inLanguage\":\"de\",\"potentialAction\":[{\"@type\":\"ReadAction\",\"target\":[\"https:\/\/maintenance.orpailleur.ch\/de\/produkt\/in-syrah-we-trust-copie\/\"]}]},{\"@type\":\"ImageObject\",\"inLanguage\":\"de\",\"@id\":\"https:\/\/maintenance.orpailleur.ch\/de\/produkt\/in-syrah-we-trust-copie\/#primaryimage\",\"url\":\"https:\/\/maintenance.orpailleur.ch\/wp-content\/uploads\/2020\/12\/torpilleur.png\",\"contentUrl\":\"https:\/\/maintenance.orpailleur.ch\/wp-content\/uploads\/2020\/12\/torpilleur.png\",\"width\":1000,\"height\":1802},{\"@type\":\"BreadcrumbList\",\"@id\":\"https:\/\/maintenance.orpailleur.ch\/de\/produkt\/in-syrah-we-trust-copie\/#breadcrumb\",\"itemListElement\":[{\"@type\":\"ListItem\",\"position\":1,\"name\":\"Accueil\",\"item\":\"https:\/\/maintenance.orpailleur.ch\/de\/\"},{\"@type\":\"ListItem\",\"position\":2,\"name\":\"Shop\",\"item\":\"https:\/\/maintenance.orpailleur.ch\/de\/shop-2\/\"},{\"@type\":\"ListItem\",\"position\":3,\"name\":\"Torpilleur \u00dcberlebens-Set\"}]},{\"@type\":\"WebSite\",\"@id\":\"https:\/\/maintenance.orpailleur.ch\/de\/#website\",\"url\":\"https:\/\/maintenance.orpailleur.ch\/de\/\",\"name\":\"Cave l'orpailleur, Fr\u00e9d\u00e9ric Dumoulin, Encaveur\",\"description\":\"L'or de la terre\",\"publisher\":{\"@id\":\"https:\/\/maintenance.orpailleur.ch\/de\/#organization\"},\"potentialAction\":[{\"@type\":\"SearchAction\",\"target\":{\"@type\":\"EntryPoint\",\"urlTemplate\":\"https:\/\/maintenance.orpailleur.ch\/de\/?s={search_term_string}\"},\"query-input\":{\"@type\":\"PropertyValueSpecification\",\"valueRequired\":true,\"valueName\":\"search_term_string\"}}],\"inLanguage\":\"de\"},{\"@type\":\"Organization\",\"@id\":\"https:\/\/maintenance.orpailleur.ch\/de\/#organization\",\"name\":\"Cave l'orpailleur, Fr\u00e9d\u00e9ric Dumoulin, Encaveur\",\"url\":\"https:\/\/maintenance.orpailleur.ch\/de\/\",\"logo\":{\"@type\":\"ImageObject\",\"inLanguage\":\"de\",\"@id\":\"https:\/\/maintenance.orpailleur.ch\/de\/#\/schema\/logo\/image\/\",\"url\":\"https:\/\/maintenance.orpailleur.ch\/wp-content\/uploads\/2020\/06\/LOrpailleur_Logo_Quadri-copy.png\",\"contentUrl\":\"https:\/\/maintenance.orpailleur.ch\/wp-content\/uploads\/2020\/06\/LOrpailleur_Logo_Quadri-copy.png\",\"width\":300,\"height\":134,\"caption\":\"Cave l'orpailleur, Fr\u00e9d\u00e9ric Dumoulin, Encaveur\"},\"image\":{\"@id\":\"https:\/\/maintenance.orpailleur.ch\/de\/#\/schema\/logo\/image\/\"},\"sameAs\":[\"https:\/\/www.facebook.com\/cave.lorpailleur\/\",\"https:\/\/www.instagram.com\/cave_lorpailleur\/\"]}]}<\/script>\n<!-- \/ Yoast SEO plugin. -->","yoast_head_json":{"title":"Torpilleur \u00dcberlebens-Set - Cave l'orpailleur, Fr\u00e9d\u00e9ric Dumoulin, Encaveur","robots":{"index":"index","follow":"follow","max-snippet":"max-snippet:-1","max-image-preview":"max-image-preview:large","max-video-preview":"max-video-preview:-1"},"canonical":"https:\/\/maintenance.orpailleur.ch\/de\/produkt\/in-syrah-we-trust-copie\/","og_locale":"de_DE","og_type":"article","og_title":"Torpilleur \u00dcberlebens-Set - Cave l'orpailleur, Fr\u00e9d\u00e9ric Dumoulin, Encaveur","og_description":"Mit diesem Set sind Sie f\u00fcr alle Eventualit\u00e4ten ger\u00fcstet! 1x Flasche Torpilleur Rot 50cl + 1x Flasche Torpilleur Wei\u00df 50cl + 1x Regenschirm + 1x Schweizer Sackmesser + 1x Sonnenbrille","og_url":"https:\/\/maintenance.orpailleur.ch\/de\/produkt\/in-syrah-we-trust-copie\/","og_site_name":"Cave l'orpailleur, Fr\u00e9d\u00e9ric Dumoulin, Encaveur","article_publisher":"https:\/\/www.facebook.com\/cave.lorpailleur\/","article_modified_time":"2024-12-11T13:19:06+00:00","og_image":[{"width":1000,"height":1802,"url":"https:\/\/maintenance.orpailleur.ch\/wp-content\/uploads\/2020\/12\/torpilleur.png","type":"image\/png"}],"twitter_card":"summary_large_image","twitter_misc":{"Gesch\u00e4tzte Lesezeit":"1\u00a0Minute"},"schema":{"@context":"https:\/\/schema.org","@graph":[{"@type":"WebPage","@id":"https:\/\/maintenance.orpailleur.ch\/de\/produkt\/in-syrah-we-trust-copie\/","url":"https:\/\/maintenance.orpailleur.ch\/de\/produkt\/in-syrah-we-trust-copie\/","name":"Torpilleur \u00dcberlebens-Set - Cave l'orpailleur, Fr\u00e9d\u00e9ric Dumoulin, Encaveur","isPartOf":{"@id":"https:\/\/maintenance.orpailleur.ch\/de\/#website"},"primaryImageOfPage":{"@id":"https:\/\/maintenance.orpailleur.ch\/de\/produkt\/in-syrah-we-trust-copie\/#primaryimage"},"image":{"@id":"https:\/\/maintenance.orpailleur.ch\/de\/produkt\/in-syrah-we-trust-copie\/#primaryimage"},"thumbnailUrl":"https:\/\/maintenance.orpailleur.ch\/wp-content\/uploads\/2020\/12\/torpilleur.png","datePublished":"2021-12-01T10:39:28+00:00","dateModified":"2024-12-11T13:19:06+00:00","breadcrumb":{"@id":"https:\/\/maintenance.orpailleur.ch\/de\/produkt\/in-syrah-we-trust-copie\/#breadcrumb"},"inLanguage":"de","potentialAction":[{"@type":"ReadAction","target":["https:\/\/maintenance.orpailleur.ch\/de\/produkt\/in-syrah-we-trust-copie\/"]}]},{"@type":"ImageObject","inLanguage":"de","@id":"https:\/\/maintenance.orpailleur.ch\/de\/produkt\/in-syrah-we-trust-copie\/#primaryimage","url":"https:\/\/maintenance.orpailleur.ch\/wp-content\/uploads\/2020\/12\/torpilleur.png","contentUrl":"https:\/\/maintenance.orpailleur.ch\/wp-content\/uploads\/2020\/12\/torpilleur.png","width":1000,"height":1802},{"@type":"BreadcrumbList","@id":"https:\/\/maintenance.orpailleur.ch\/de\/produkt\/in-syrah-we-trust-copie\/#breadcrumb","itemListElement":[{"@type":"ListItem","position":1,"name":"Accueil","item":"https:\/\/maintenance.orpailleur.ch\/de\/"},{"@type":"ListItem","position":2,"name":"Shop","item":"https:\/\/maintenance.orpailleur.ch\/de\/shop-2\/"},{"@type":"ListItem","position":3,"name":"Torpilleur \u00dcberlebens-Set"}]},{"@type":"WebSite","@id":"https:\/\/maintenance.orpailleur.ch\/de\/#website","url":"https:\/\/maintenance.orpailleur.ch\/de\/","name":"Cave l'orpailleur, Fr\u00e9d\u00e9ric Dumoulin, Encaveur","description":"L'or de la terre","publisher":{"@id":"https:\/\/maintenance.orpailleur.ch\/de\/#organization"},"potentialAction":[{"@type":"SearchAction","target":{"@type":"EntryPoint","urlTemplate":"https:\/\/maintenance.orpailleur.ch\/de\/?s={search_term_string}"},"query-input":{"@type":"PropertyValueSpecification","valueRequired":true,"valueName":"search_term_string"}}],"inLanguage":"de"},{"@type":"Organization","@id":"https:\/\/maintenance.orpailleur.ch\/de\/#organization","name":"Cave l'orpailleur, Fr\u00e9d\u00e9ric Dumoulin, Encaveur","url":"https:\/\/maintenance.orpailleur.ch\/de\/","logo":{"@type":"ImageObject","inLanguage":"de","@id":"https:\/\/maintenance.orpailleur.ch\/de\/#\/schema\/logo\/image\/","url":"https:\/\/maintenance.orpailleur.ch\/wp-content\/uploads\/2020\/06\/LOrpailleur_Logo_Quadri-copy.png","contentUrl":"https:\/\/maintenance.orpailleur.ch\/wp-content\/uploads\/2020\/06\/LOrpailleur_Logo_Quadri-copy.png","width":300,"height":134,"caption":"Cave l'orpailleur, Fr\u00e9d\u00e9ric Dumoulin, Encaveur"},"image":{"@id":"https:\/\/maintenance.orpailleur.ch\/de\/#\/schema\/logo\/image\/"},"sameAs":["https:\/\/www.facebook.com\/cave.lorpailleur\/","https:\/\/www.instagram.com\/cave_lorpailleur\/"]}]}},"_links":{"self":[{"href":"https:\/\/maintenance.orpailleur.ch\/de\/wp-json\/wp\/v2\/product\/8555","targetHints":{"allow":["GET"]}}],"collection":[{"href":"https:\/\/maintenance.orpailleur.ch\/de\/wp-json\/wp\/v2\/product"}],"about":[{"href":"https:\/\/maintenance.orpailleur.ch\/de\/wp-json\/wp\/v2\/types\/product"}],"wp:featuredmedia":[{"embeddable":true,"href":"https:\/\/maintenance.orpailleur.ch\/de\/wp-json\/wp\/v2\/media\/8545"}],"wp:attachment":[{"href":"https:\/\/maintenance.orpailleur.ch\/de\/wp-json\/wp\/v2\/media?parent=8555"}],"wp:term":[{"taxonomy":"product_brand","embeddable":true,"href":"https:\/\/maintenance.orpailleur.ch\/de\/wp-json\/wp\/v2\/product_brand?post=8555"},{"taxonomy":"product_cat","embeddable":true,"href":"https:\/\/maintenance.orpailleur.ch\/de\/wp-json\/wp\/v2\/product_cat?post=8555"},{"taxonomy":"product_tag","embeddable":true,"href":"https:\/\/maintenance.orpailleur.ch\/de\/wp-json\/wp\/v2\/product_tag?post=8555"},{"taxonomy":"product_taxonomy","embeddable":true,"href":"https:\/\/maintenance.orpailleur.ch\/de\/wp-json\/wp\/v2\/product_taxonomy?post=8555"}],"curies":[{"name":"wp","href":"https:\/\/api.w.org\/{rel}","templated":true}]}}