{"id":6901,"date":"2021-04-16T06:57:09","date_gmt":"2021-04-16T06:57:09","guid":{"rendered":"https:\/\/maintenance.orpailleur.ch\/?post_type=product&#038;p=6901"},"modified":"2024-12-11T14:23:25","modified_gmt":"2024-12-11T13:23:25","slug":"la-pepite-rose","status":"publish","type":"product","link":"https:\/\/maintenance.orpailleur.ch\/de\/produkt\/la-pepite-rose\/","title":{"rendered":"La P\u00e9pite rose"},"content":{"rendered":"<p>Jeder Goldsucher (Orpailleur) findet in seiner Karriere zumindest einmal ein Goldst\u00fcck. Hier reden wir von diesem fruchtbetonten Ros\u00e9, der durch seinen runden, aromatischen Charakter und sein erfrischendes Finale verf\u00fchrt. Er passt zu vielen Anl\u00e4ssen : Shorts\/Sandalen ebenso wie Kravatte\/Anzug , Aperitif oder Sommerbuffet, Sonnenbrille oder Skim\u00fctze.<\/p>\n","protected":false},"excerpt":{"rendered":"<p>Jeder Goldsucher (Orpailleur) findet in seiner Karriere zumindest einmal ein Goldst\u00fcck. Hier reden wir von diesem fruchtbetonten Ros\u00e9, der durch seinen runden, aromatischen Charakter und sein erfrischendes Finale verf\u00fchrt. Er passt zu vielen Anl\u00e4ssen : Shorts\/Sandalen ebenso wie Kravatte\/Anzug , Aperitif oder Sommerbuffet, Sonnenbrille oder Skim\u00fctze.<\/p>\n","protected":false},"featured_media":6905,"template":"","meta":[],"product_brand":[],"product_cat":[226],"product_tag":[163,274,174,179,182],"product_taxonomy":[],"class_list":{"0":"post-6901","1":"product","2":"type-product","3":"status-publish","4":"has-post-thumbnail","6":"product_cat-hors-categorie","7":"product_tag-aperitif-de","8":"product_tag-assemblage-de","9":"product_tag-fruchtig","10":"product_tag-grill","11":"product_tag-pasta-de","13":"first","14":"instock","15":"sale","16":"shipping-taxable","17":"purchasable","18":"product-type-variable","19":"has-default-attributes"},"yoast_head":"<!-- This site is optimized with the Yoast SEO plugin v25.8 - https:\/\/yoast.com\/wordpress\/plugins\/seo\/ -->\n<title>La P\u00e9pite rose - Cave l&#039;orpailleur, Fr\u00e9d\u00e9ric Dumoulin, Encaveur<\/title>\n<meta name=\"robots\" content=\"index, follow, max-snippet:-1, max-image-preview:large, max-video-preview:-1\" \/>\n<link rel=\"canonical\" href=\"https:\/\/maintenance.orpailleur.ch\/de\/produkt\/la-pepite-rose\/\" \/>\n<meta property=\"og:locale\" content=\"de_DE\" \/>\n<meta property=\"og:type\" content=\"article\" \/>\n<meta property=\"og:title\" content=\"La P\u00e9pite rose - Cave l&#039;orpailleur, Fr\u00e9d\u00e9ric Dumoulin, Encaveur\" \/>\n<meta property=\"og:description\" content=\"Jeder Goldsucher (Orpailleur) findet in seiner Karriere zumindest einmal ein Goldst\u00fcck. Hier reden wir von diesem fruchtbetonten Ros\u00e9, der durch seinen runden, aromatischen Charakter und sein erfrischendes Finale verf\u00fchrt. Er passt zu vielen Anl\u00e4ssen : Shorts\/Sandalen ebenso wie Kravatte\/Anzug , Aperitif oder Sommerbuffet, Sonnenbrille oder Skim\u00fctze.\" \/>\n<meta property=\"og:url\" content=\"https:\/\/maintenance.orpailleur.ch\/de\/produkt\/la-pepite-rose\/\" \/>\n<meta property=\"og:site_name\" content=\"Cave l&#039;orpailleur, Fr\u00e9d\u00e9ric Dumoulin, Encaveur\" \/>\n<meta property=\"article:publisher\" content=\"https:\/\/www.facebook.com\/cave.lorpailleur\/\" \/>\n<meta property=\"article:modified_time\" content=\"2024-12-11T13:23:25+00:00\" \/>\n<meta property=\"og:image\" content=\"https:\/\/maintenance.orpailleur.ch\/wp-content\/uploads\/2021\/04\/Pepite-rose.png\" \/>\n\t<meta property=\"og:image:width\" content=\"290\" \/>\n\t<meta property=\"og:image:height\" content=\"1187\" \/>\n\t<meta property=\"og:image:type\" content=\"image\/png\" \/>\n<meta name=\"twitter:card\" content=\"summary_large_image\" \/>\n<meta name=\"twitter:label1\" content=\"Gesch\u00e4tzte Lesezeit\" \/>\n\t<meta name=\"twitter:data1\" content=\"1\u00a0Minute\" \/>\n<script type=\"application\/ld+json\" class=\"yoast-schema-graph\">{\"@context\":\"https:\/\/schema.org\",\"@graph\":[{\"@type\":\"WebPage\",\"@id\":\"https:\/\/maintenance.orpailleur.ch\/de\/produkt\/la-pepite-rose\/\",\"url\":\"https:\/\/maintenance.orpailleur.ch\/de\/produkt\/la-pepite-rose\/\",\"name\":\"La P\u00e9pite rose - Cave l'orpailleur, Fr\u00e9d\u00e9ric Dumoulin, Encaveur\",\"isPartOf\":{\"@id\":\"https:\/\/maintenance.orpailleur.ch\/de\/#website\"},\"primaryImageOfPage\":{\"@id\":\"https:\/\/maintenance.orpailleur.ch\/de\/produkt\/la-pepite-rose\/#primaryimage\"},\"image\":{\"@id\":\"https:\/\/maintenance.orpailleur.ch\/de\/produkt\/la-pepite-rose\/#primaryimage\"},\"thumbnailUrl\":\"https:\/\/maintenance.orpailleur.ch\/wp-content\/uploads\/2021\/04\/Pepite-rose.png\",\"datePublished\":\"2021-04-16T06:57:09+00:00\",\"dateModified\":\"2024-12-11T13:23:25+00:00\",\"breadcrumb\":{\"@id\":\"https:\/\/maintenance.orpailleur.ch\/de\/produkt\/la-pepite-rose\/#breadcrumb\"},\"inLanguage\":\"de\",\"potentialAction\":[{\"@type\":\"ReadAction\",\"target\":[\"https:\/\/maintenance.orpailleur.ch\/de\/produkt\/la-pepite-rose\/\"]}]},{\"@type\":\"ImageObject\",\"inLanguage\":\"de\",\"@id\":\"https:\/\/maintenance.orpailleur.ch\/de\/produkt\/la-pepite-rose\/#primaryimage\",\"url\":\"https:\/\/maintenance.orpailleur.ch\/wp-content\/uploads\/2021\/04\/Pepite-rose.png\",\"contentUrl\":\"https:\/\/maintenance.orpailleur.ch\/wp-content\/uploads\/2021\/04\/Pepite-rose.png\",\"width\":290,\"height\":1187,\"caption\":\"Pepite rose\"},{\"@type\":\"BreadcrumbList\",\"@id\":\"https:\/\/maintenance.orpailleur.ch\/de\/produkt\/la-pepite-rose\/#breadcrumb\",\"itemListElement\":[{\"@type\":\"ListItem\",\"position\":1,\"name\":\"Accueil\",\"item\":\"https:\/\/maintenance.orpailleur.ch\/de\/\"},{\"@type\":\"ListItem\",\"position\":2,\"name\":\"Shop\",\"item\":\"https:\/\/maintenance.orpailleur.ch\/de\/shop-2\/\"},{\"@type\":\"ListItem\",\"position\":3,\"name\":\"La P\u00e9pite rose\"}]},{\"@type\":\"WebSite\",\"@id\":\"https:\/\/maintenance.orpailleur.ch\/de\/#website\",\"url\":\"https:\/\/maintenance.orpailleur.ch\/de\/\",\"name\":\"Cave l'orpailleur, Fr\u00e9d\u00e9ric Dumoulin, Encaveur\",\"description\":\"L'or de la terre\",\"publisher\":{\"@id\":\"https:\/\/maintenance.orpailleur.ch\/de\/#organization\"},\"potentialAction\":[{\"@type\":\"SearchAction\",\"target\":{\"@type\":\"EntryPoint\",\"urlTemplate\":\"https:\/\/maintenance.orpailleur.ch\/de\/?s={search_term_string}\"},\"query-input\":{\"@type\":\"PropertyValueSpecification\",\"valueRequired\":true,\"valueName\":\"search_term_string\"}}],\"inLanguage\":\"de\"},{\"@type\":\"Organization\",\"@id\":\"https:\/\/maintenance.orpailleur.ch\/de\/#organization\",\"name\":\"Cave l'orpailleur, Fr\u00e9d\u00e9ric Dumoulin, Encaveur\",\"url\":\"https:\/\/maintenance.orpailleur.ch\/de\/\",\"logo\":{\"@type\":\"ImageObject\",\"inLanguage\":\"de\",\"@id\":\"https:\/\/maintenance.orpailleur.ch\/de\/#\/schema\/logo\/image\/\",\"url\":\"https:\/\/maintenance.orpailleur.ch\/wp-content\/uploads\/2020\/06\/LOrpailleur_Logo_Quadri-copy.png\",\"contentUrl\":\"https:\/\/maintenance.orpailleur.ch\/wp-content\/uploads\/2020\/06\/LOrpailleur_Logo_Quadri-copy.png\",\"width\":300,\"height\":134,\"caption\":\"Cave l'orpailleur, Fr\u00e9d\u00e9ric Dumoulin, Encaveur\"},\"image\":{\"@id\":\"https:\/\/maintenance.orpailleur.ch\/de\/#\/schema\/logo\/image\/\"},\"sameAs\":[\"https:\/\/www.facebook.com\/cave.lorpailleur\/\",\"https:\/\/www.instagram.com\/cave_lorpailleur\/\"]}]}<\/script>\n<!-- \/ Yoast SEO plugin. -->","yoast_head_json":{"title":"La P\u00e9pite rose - Cave l'orpailleur, Fr\u00e9d\u00e9ric Dumoulin, Encaveur","robots":{"index":"index","follow":"follow","max-snippet":"max-snippet:-1","max-image-preview":"max-image-preview:large","max-video-preview":"max-video-preview:-1"},"canonical":"https:\/\/maintenance.orpailleur.ch\/de\/produkt\/la-pepite-rose\/","og_locale":"de_DE","og_type":"article","og_title":"La P\u00e9pite rose - Cave l'orpailleur, Fr\u00e9d\u00e9ric Dumoulin, Encaveur","og_description":"Jeder Goldsucher (Orpailleur) findet in seiner Karriere zumindest einmal ein Goldst\u00fcck. Hier reden wir von diesem fruchtbetonten Ros\u00e9, der durch seinen runden, aromatischen Charakter und sein erfrischendes Finale verf\u00fchrt. Er passt zu vielen Anl\u00e4ssen : Shorts\/Sandalen ebenso wie Kravatte\/Anzug , Aperitif oder Sommerbuffet, Sonnenbrille oder Skim\u00fctze.","og_url":"https:\/\/maintenance.orpailleur.ch\/de\/produkt\/la-pepite-rose\/","og_site_name":"Cave l'orpailleur, Fr\u00e9d\u00e9ric Dumoulin, Encaveur","article_publisher":"https:\/\/www.facebook.com\/cave.lorpailleur\/","article_modified_time":"2024-12-11T13:23:25+00:00","og_image":[{"width":290,"height":1187,"url":"https:\/\/maintenance.orpailleur.ch\/wp-content\/uploads\/2021\/04\/Pepite-rose.png","type":"image\/png"}],"twitter_card":"summary_large_image","twitter_misc":{"Gesch\u00e4tzte Lesezeit":"1\u00a0Minute"},"schema":{"@context":"https:\/\/schema.org","@graph":[{"@type":"WebPage","@id":"https:\/\/maintenance.orpailleur.ch\/de\/produkt\/la-pepite-rose\/","url":"https:\/\/maintenance.orpailleur.ch\/de\/produkt\/la-pepite-rose\/","name":"La P\u00e9pite rose - Cave l'orpailleur, Fr\u00e9d\u00e9ric Dumoulin, Encaveur","isPartOf":{"@id":"https:\/\/maintenance.orpailleur.ch\/de\/#website"},"primaryImageOfPage":{"@id":"https:\/\/maintenance.orpailleur.ch\/de\/produkt\/la-pepite-rose\/#primaryimage"},"image":{"@id":"https:\/\/maintenance.orpailleur.ch\/de\/produkt\/la-pepite-rose\/#primaryimage"},"thumbnailUrl":"https:\/\/maintenance.orpailleur.ch\/wp-content\/uploads\/2021\/04\/Pepite-rose.png","datePublished":"2021-04-16T06:57:09+00:00","dateModified":"2024-12-11T13:23:25+00:00","breadcrumb":{"@id":"https:\/\/maintenance.orpailleur.ch\/de\/produkt\/la-pepite-rose\/#breadcrumb"},"inLanguage":"de","potentialAction":[{"@type":"ReadAction","target":["https:\/\/maintenance.orpailleur.ch\/de\/produkt\/la-pepite-rose\/"]}]},{"@type":"ImageObject","inLanguage":"de","@id":"https:\/\/maintenance.orpailleur.ch\/de\/produkt\/la-pepite-rose\/#primaryimage","url":"https:\/\/maintenance.orpailleur.ch\/wp-content\/uploads\/2021\/04\/Pepite-rose.png","contentUrl":"https:\/\/maintenance.orpailleur.ch\/wp-content\/uploads\/2021\/04\/Pepite-rose.png","width":290,"height":1187,"caption":"Pepite rose"},{"@type":"BreadcrumbList","@id":"https:\/\/maintenance.orpailleur.ch\/de\/produkt\/la-pepite-rose\/#breadcrumb","itemListElement":[{"@type":"ListItem","position":1,"name":"Accueil","item":"https:\/\/maintenance.orpailleur.ch\/de\/"},{"@type":"ListItem","position":2,"name":"Shop","item":"https:\/\/maintenance.orpailleur.ch\/de\/shop-2\/"},{"@type":"ListItem","position":3,"name":"La P\u00e9pite rose"}]},{"@type":"WebSite","@id":"https:\/\/maintenance.orpailleur.ch\/de\/#website","url":"https:\/\/maintenance.orpailleur.ch\/de\/","name":"Cave l'orpailleur, Fr\u00e9d\u00e9ric Dumoulin, Encaveur","description":"L'or de la terre","publisher":{"@id":"https:\/\/maintenance.orpailleur.ch\/de\/#organization"},"potentialAction":[{"@type":"SearchAction","target":{"@type":"EntryPoint","urlTemplate":"https:\/\/maintenance.orpailleur.ch\/de\/?s={search_term_string}"},"query-input":{"@type":"PropertyValueSpecification","valueRequired":true,"valueName":"search_term_string"}}],"inLanguage":"de"},{"@type":"Organization","@id":"https:\/\/maintenance.orpailleur.ch\/de\/#organization","name":"Cave l'orpailleur, Fr\u00e9d\u00e9ric Dumoulin, Encaveur","url":"https:\/\/maintenance.orpailleur.ch\/de\/","logo":{"@type":"ImageObject","inLanguage":"de","@id":"https:\/\/maintenance.orpailleur.ch\/de\/#\/schema\/logo\/image\/","url":"https:\/\/maintenance.orpailleur.ch\/wp-content\/uploads\/2020\/06\/LOrpailleur_Logo_Quadri-copy.png","contentUrl":"https:\/\/maintenance.orpailleur.ch\/wp-content\/uploads\/2020\/06\/LOrpailleur_Logo_Quadri-copy.png","width":300,"height":134,"caption":"Cave l'orpailleur, Fr\u00e9d\u00e9ric Dumoulin, Encaveur"},"image":{"@id":"https:\/\/maintenance.orpailleur.ch\/de\/#\/schema\/logo\/image\/"},"sameAs":["https:\/\/www.facebook.com\/cave.lorpailleur\/","https:\/\/www.instagram.com\/cave_lorpailleur\/"]}]}},"_links":{"self":[{"href":"https:\/\/maintenance.orpailleur.ch\/de\/wp-json\/wp\/v2\/product\/6901","targetHints":{"allow":["GET"]}}],"collection":[{"href":"https:\/\/maintenance.orpailleur.ch\/de\/wp-json\/wp\/v2\/product"}],"about":[{"href":"https:\/\/maintenance.orpailleur.ch\/de\/wp-json\/wp\/v2\/types\/product"}],"wp:featuredmedia":[{"embeddable":true,"href":"https:\/\/maintenance.orpailleur.ch\/de\/wp-json\/wp\/v2\/media\/6905"}],"wp:attachment":[{"href":"https:\/\/maintenance.orpailleur.ch\/de\/wp-json\/wp\/v2\/media?parent=6901"}],"wp:term":[{"taxonomy":"product_brand","embeddable":true,"href":"https:\/\/maintenance.orpailleur.ch\/de\/wp-json\/wp\/v2\/product_brand?post=6901"},{"taxonomy":"product_cat","embeddable":true,"href":"https:\/\/maintenance.orpailleur.ch\/de\/wp-json\/wp\/v2\/product_cat?post=6901"},{"taxonomy":"product_tag","embeddable":true,"href":"https:\/\/maintenance.orpailleur.ch\/de\/wp-json\/wp\/v2\/product_tag?post=6901"},{"taxonomy":"product_taxonomy","embeddable":true,"href":"https:\/\/maintenance.orpailleur.ch\/de\/wp-json\/wp\/v2\/product_taxonomy?post=6901"}],"curies":[{"name":"wp","href":"https:\/\/api.w.org\/{rel}","templated":true}]}}