{"id":3776,"date":"2020-06-15T12:49:12","date_gmt":"2020-06-15T12:49:12","guid":{"rendered":"https:\/\/maintenance.orpailleur.ch\/product\/cuvee-lorpailleur\/"},"modified":"2024-12-12T16:21:06","modified_gmt":"2024-12-12T15:21:06","slug":"cuvee-lorpailleur","status":"publish","type":"product","link":"https:\/\/maintenance.orpailleur.ch\/de\/produkt\/cuvee-lorpailleur\/","title":{"rendered":"Cuv\u00e9e L&#8217;Orpailleur"},"content":{"rendered":"<p>Diese spezielle, edle Flasche muss einen aussergew\u00f6hnlichen Wein enthalten! Wir haben uns f\u00fcr einen Rotwein vom Stil \u201eAmarone\u201c entschieden, der aus angetrockneten Trauben produziert wird. Es entstand ein Weinkonzentrat mit \u00fcppigen Fruchtaromen, Gew\u00fcrz- und Holznoten, reich an Alkohol und mit einer ganz feinen S\u00fcsse im ewigen Abgang. Ein Meditationswein mit grossem Lagerpotential<\/p>\n","protected":false},"excerpt":{"rendered":"<p>Diese spezielle, edle Flasche muss einen aussergew\u00f6hnlichen Wein enthalten! Wir haben uns f\u00fcr einen Rotwein vom Stil \u201eAmarone\u201c entschieden, der aus angetrockneten Trauben produziert wird. Es entstand ein Weinkonzentrat mit \u00fcppigen Fruchtaromen, Gew\u00fcrz- und Holznoten, reich an Alkohol und mit einer ganz feinen S\u00fcsse im ewigen Abgang. Ein Meditationswein mit grossem Lagerpotential<\/p>\n","protected":false},"featured_media":3606,"template":"","meta":[],"product_brand":[],"product_cat":[221],"product_tag":[274,176,189,177],"product_taxonomy":[],"class_list":{"0":"post-3776","1":"product","2":"type-product","3":"status-publish","4":"has-post-thumbnail","6":"product_cat-cuvees-de","7":"product_tag-assemblage-de","8":"product_tag-eichenfass","9":"product_tag-fleisch","10":"product_tag-lagern","12":"first","13":"instock","14":"sale","15":"shipping-taxable","16":"purchasable","17":"product-type-variable","18":"has-default-attributes"},"yoast_head":"<!-- This site is optimized with the Yoast SEO plugin v25.8 - https:\/\/yoast.com\/wordpress\/plugins\/seo\/ -->\n<title>Cuv\u00e9e L&#039;Orpailleur - Cave l&#039;orpailleur, Fr\u00e9d\u00e9ric Dumoulin, Encaveur<\/title>\n<meta name=\"robots\" content=\"index, follow, max-snippet:-1, max-image-preview:large, max-video-preview:-1\" \/>\n<link rel=\"canonical\" href=\"https:\/\/maintenance.orpailleur.ch\/de\/produkt\/cuvee-lorpailleur\/\" \/>\n<meta property=\"og:locale\" content=\"de_DE\" \/>\n<meta property=\"og:type\" content=\"article\" \/>\n<meta property=\"og:title\" content=\"Cuv\u00e9e L&#039;Orpailleur - Cave l&#039;orpailleur, Fr\u00e9d\u00e9ric Dumoulin, Encaveur\" \/>\n<meta property=\"og:description\" content=\"Diese spezielle, edle Flasche muss einen aussergew\u00f6hnlichen Wein enthalten! Wir haben uns f\u00fcr einen Rotwein vom Stil \u201eAmarone\u201c entschieden, der aus angetrockneten Trauben produziert wird. Es entstand ein Weinkonzentrat mit \u00fcppigen Fruchtaromen, Gew\u00fcrz- und Holznoten, reich an Alkohol und mit einer ganz feinen S\u00fcsse im ewigen Abgang. Ein Meditationswein mit grossem Lagerpotential\" \/>\n<meta property=\"og:url\" content=\"https:\/\/maintenance.orpailleur.ch\/de\/produkt\/cuvee-lorpailleur\/\" \/>\n<meta property=\"og:site_name\" content=\"Cave l&#039;orpailleur, Fr\u00e9d\u00e9ric Dumoulin, Encaveur\" \/>\n<meta property=\"article:publisher\" content=\"https:\/\/www.facebook.com\/cave.lorpailleur\/\" \/>\n<meta property=\"article:modified_time\" content=\"2024-12-12T15:21:06+00:00\" \/>\n<meta property=\"og:image\" content=\"https:\/\/maintenance.orpailleur.ch\/wp-content\/uploads\/2020\/06\/Cuvee-Orpailleur.png\" \/>\n\t<meta property=\"og:image:width\" content=\"320\" \/>\n\t<meta property=\"og:image:height\" content=\"1188\" \/>\n\t<meta property=\"og:image:type\" content=\"image\/png\" \/>\n<meta name=\"twitter:card\" content=\"summary_large_image\" \/>\n<meta name=\"twitter:label1\" content=\"Gesch\u00e4tzte Lesezeit\" \/>\n\t<meta name=\"twitter:data1\" content=\"1\u00a0Minute\" \/>\n<script type=\"application\/ld+json\" class=\"yoast-schema-graph\">{\"@context\":\"https:\/\/schema.org\",\"@graph\":[{\"@type\":\"WebPage\",\"@id\":\"https:\/\/maintenance.orpailleur.ch\/de\/produkt\/cuvee-lorpailleur\/\",\"url\":\"https:\/\/maintenance.orpailleur.ch\/de\/produkt\/cuvee-lorpailleur\/\",\"name\":\"Cuv\u00e9e L'Orpailleur - Cave l'orpailleur, Fr\u00e9d\u00e9ric Dumoulin, Encaveur\",\"isPartOf\":{\"@id\":\"https:\/\/maintenance.orpailleur.ch\/de\/#website\"},\"primaryImageOfPage\":{\"@id\":\"https:\/\/maintenance.orpailleur.ch\/de\/produkt\/cuvee-lorpailleur\/#primaryimage\"},\"image\":{\"@id\":\"https:\/\/maintenance.orpailleur.ch\/de\/produkt\/cuvee-lorpailleur\/#primaryimage\"},\"thumbnailUrl\":\"https:\/\/maintenance.orpailleur.ch\/wp-content\/uploads\/2020\/06\/Cuvee-Orpailleur.png\",\"datePublished\":\"2020-06-15T12:49:12+00:00\",\"dateModified\":\"2024-12-12T15:21:06+00:00\",\"breadcrumb\":{\"@id\":\"https:\/\/maintenance.orpailleur.ch\/de\/produkt\/cuvee-lorpailleur\/#breadcrumb\"},\"inLanguage\":\"de\",\"potentialAction\":[{\"@type\":\"ReadAction\",\"target\":[\"https:\/\/maintenance.orpailleur.ch\/de\/produkt\/cuvee-lorpailleur\/\"]}]},{\"@type\":\"ImageObject\",\"inLanguage\":\"de\",\"@id\":\"https:\/\/maintenance.orpailleur.ch\/de\/produkt\/cuvee-lorpailleur\/#primaryimage\",\"url\":\"https:\/\/maintenance.orpailleur.ch\/wp-content\/uploads\/2020\/06\/Cuvee-Orpailleur.png\",\"contentUrl\":\"https:\/\/maintenance.orpailleur.ch\/wp-content\/uploads\/2020\/06\/Cuvee-Orpailleur.png\",\"width\":320,\"height\":1188},{\"@type\":\"BreadcrumbList\",\"@id\":\"https:\/\/maintenance.orpailleur.ch\/de\/produkt\/cuvee-lorpailleur\/#breadcrumb\",\"itemListElement\":[{\"@type\":\"ListItem\",\"position\":1,\"name\":\"Accueil\",\"item\":\"https:\/\/maintenance.orpailleur.ch\/de\/\"},{\"@type\":\"ListItem\",\"position\":2,\"name\":\"Shop\",\"item\":\"https:\/\/maintenance.orpailleur.ch\/de\/shop-2\/\"},{\"@type\":\"ListItem\",\"position\":3,\"name\":\"Cuv\u00e9e L&#8217;Orpailleur\"}]},{\"@type\":\"WebSite\",\"@id\":\"https:\/\/maintenance.orpailleur.ch\/de\/#website\",\"url\":\"https:\/\/maintenance.orpailleur.ch\/de\/\",\"name\":\"Cave l'orpailleur, Fr\u00e9d\u00e9ric Dumoulin, Encaveur\",\"description\":\"L'or de la terre\",\"publisher\":{\"@id\":\"https:\/\/maintenance.orpailleur.ch\/de\/#organization\"},\"potentialAction\":[{\"@type\":\"SearchAction\",\"target\":{\"@type\":\"EntryPoint\",\"urlTemplate\":\"https:\/\/maintenance.orpailleur.ch\/de\/?s={search_term_string}\"},\"query-input\":{\"@type\":\"PropertyValueSpecification\",\"valueRequired\":true,\"valueName\":\"search_term_string\"}}],\"inLanguage\":\"de\"},{\"@type\":\"Organization\",\"@id\":\"https:\/\/maintenance.orpailleur.ch\/de\/#organization\",\"name\":\"Cave l'orpailleur, Fr\u00e9d\u00e9ric Dumoulin, Encaveur\",\"url\":\"https:\/\/maintenance.orpailleur.ch\/de\/\",\"logo\":{\"@type\":\"ImageObject\",\"inLanguage\":\"de\",\"@id\":\"https:\/\/maintenance.orpailleur.ch\/de\/#\/schema\/logo\/image\/\",\"url\":\"https:\/\/maintenance.orpailleur.ch\/wp-content\/uploads\/2020\/06\/LOrpailleur_Logo_Quadri-copy.png\",\"contentUrl\":\"https:\/\/maintenance.orpailleur.ch\/wp-content\/uploads\/2020\/06\/LOrpailleur_Logo_Quadri-copy.png\",\"width\":300,\"height\":134,\"caption\":\"Cave l'orpailleur, Fr\u00e9d\u00e9ric Dumoulin, Encaveur\"},\"image\":{\"@id\":\"https:\/\/maintenance.orpailleur.ch\/de\/#\/schema\/logo\/image\/\"},\"sameAs\":[\"https:\/\/www.facebook.com\/cave.lorpailleur\/\",\"https:\/\/www.instagram.com\/cave_lorpailleur\/\"]}]}<\/script>\n<!-- \/ Yoast SEO plugin. -->","yoast_head_json":{"title":"Cuv\u00e9e L'Orpailleur - Cave l'orpailleur, Fr\u00e9d\u00e9ric Dumoulin, Encaveur","robots":{"index":"index","follow":"follow","max-snippet":"max-snippet:-1","max-image-preview":"max-image-preview:large","max-video-preview":"max-video-preview:-1"},"canonical":"https:\/\/maintenance.orpailleur.ch\/de\/produkt\/cuvee-lorpailleur\/","og_locale":"de_DE","og_type":"article","og_title":"Cuv\u00e9e L'Orpailleur - Cave l'orpailleur, Fr\u00e9d\u00e9ric Dumoulin, Encaveur","og_description":"Diese spezielle, edle Flasche muss einen aussergew\u00f6hnlichen Wein enthalten! Wir haben uns f\u00fcr einen Rotwein vom Stil \u201eAmarone\u201c entschieden, der aus angetrockneten Trauben produziert wird. Es entstand ein Weinkonzentrat mit \u00fcppigen Fruchtaromen, Gew\u00fcrz- und Holznoten, reich an Alkohol und mit einer ganz feinen S\u00fcsse im ewigen Abgang. Ein Meditationswein mit grossem Lagerpotential","og_url":"https:\/\/maintenance.orpailleur.ch\/de\/produkt\/cuvee-lorpailleur\/","og_site_name":"Cave l'orpailleur, Fr\u00e9d\u00e9ric Dumoulin, Encaveur","article_publisher":"https:\/\/www.facebook.com\/cave.lorpailleur\/","article_modified_time":"2024-12-12T15:21:06+00:00","og_image":[{"width":320,"height":1188,"url":"https:\/\/maintenance.orpailleur.ch\/wp-content\/uploads\/2020\/06\/Cuvee-Orpailleur.png","type":"image\/png"}],"twitter_card":"summary_large_image","twitter_misc":{"Gesch\u00e4tzte Lesezeit":"1\u00a0Minute"},"schema":{"@context":"https:\/\/schema.org","@graph":[{"@type":"WebPage","@id":"https:\/\/maintenance.orpailleur.ch\/de\/produkt\/cuvee-lorpailleur\/","url":"https:\/\/maintenance.orpailleur.ch\/de\/produkt\/cuvee-lorpailleur\/","name":"Cuv\u00e9e L'Orpailleur - Cave l'orpailleur, Fr\u00e9d\u00e9ric Dumoulin, Encaveur","isPartOf":{"@id":"https:\/\/maintenance.orpailleur.ch\/de\/#website"},"primaryImageOfPage":{"@id":"https:\/\/maintenance.orpailleur.ch\/de\/produkt\/cuvee-lorpailleur\/#primaryimage"},"image":{"@id":"https:\/\/maintenance.orpailleur.ch\/de\/produkt\/cuvee-lorpailleur\/#primaryimage"},"thumbnailUrl":"https:\/\/maintenance.orpailleur.ch\/wp-content\/uploads\/2020\/06\/Cuvee-Orpailleur.png","datePublished":"2020-06-15T12:49:12+00:00","dateModified":"2024-12-12T15:21:06+00:00","breadcrumb":{"@id":"https:\/\/maintenance.orpailleur.ch\/de\/produkt\/cuvee-lorpailleur\/#breadcrumb"},"inLanguage":"de","potentialAction":[{"@type":"ReadAction","target":["https:\/\/maintenance.orpailleur.ch\/de\/produkt\/cuvee-lorpailleur\/"]}]},{"@type":"ImageObject","inLanguage":"de","@id":"https:\/\/maintenance.orpailleur.ch\/de\/produkt\/cuvee-lorpailleur\/#primaryimage","url":"https:\/\/maintenance.orpailleur.ch\/wp-content\/uploads\/2020\/06\/Cuvee-Orpailleur.png","contentUrl":"https:\/\/maintenance.orpailleur.ch\/wp-content\/uploads\/2020\/06\/Cuvee-Orpailleur.png","width":320,"height":1188},{"@type":"BreadcrumbList","@id":"https:\/\/maintenance.orpailleur.ch\/de\/produkt\/cuvee-lorpailleur\/#breadcrumb","itemListElement":[{"@type":"ListItem","position":1,"name":"Accueil","item":"https:\/\/maintenance.orpailleur.ch\/de\/"},{"@type":"ListItem","position":2,"name":"Shop","item":"https:\/\/maintenance.orpailleur.ch\/de\/shop-2\/"},{"@type":"ListItem","position":3,"name":"Cuv\u00e9e L&#8217;Orpailleur"}]},{"@type":"WebSite","@id":"https:\/\/maintenance.orpailleur.ch\/de\/#website","url":"https:\/\/maintenance.orpailleur.ch\/de\/","name":"Cave l'orpailleur, Fr\u00e9d\u00e9ric Dumoulin, Encaveur","description":"L'or de la terre","publisher":{"@id":"https:\/\/maintenance.orpailleur.ch\/de\/#organization"},"potentialAction":[{"@type":"SearchAction","target":{"@type":"EntryPoint","urlTemplate":"https:\/\/maintenance.orpailleur.ch\/de\/?s={search_term_string}"},"query-input":{"@type":"PropertyValueSpecification","valueRequired":true,"valueName":"search_term_string"}}],"inLanguage":"de"},{"@type":"Organization","@id":"https:\/\/maintenance.orpailleur.ch\/de\/#organization","name":"Cave l'orpailleur, Fr\u00e9d\u00e9ric Dumoulin, Encaveur","url":"https:\/\/maintenance.orpailleur.ch\/de\/","logo":{"@type":"ImageObject","inLanguage":"de","@id":"https:\/\/maintenance.orpailleur.ch\/de\/#\/schema\/logo\/image\/","url":"https:\/\/maintenance.orpailleur.ch\/wp-content\/uploads\/2020\/06\/LOrpailleur_Logo_Quadri-copy.png","contentUrl":"https:\/\/maintenance.orpailleur.ch\/wp-content\/uploads\/2020\/06\/LOrpailleur_Logo_Quadri-copy.png","width":300,"height":134,"caption":"Cave l'orpailleur, Fr\u00e9d\u00e9ric Dumoulin, Encaveur"},"image":{"@id":"https:\/\/maintenance.orpailleur.ch\/de\/#\/schema\/logo\/image\/"},"sameAs":["https:\/\/www.facebook.com\/cave.lorpailleur\/","https:\/\/www.instagram.com\/cave_lorpailleur\/"]}]}},"_links":{"self":[{"href":"https:\/\/maintenance.orpailleur.ch\/de\/wp-json\/wp\/v2\/product\/3776","targetHints":{"allow":["GET"]}}],"collection":[{"href":"https:\/\/maintenance.orpailleur.ch\/de\/wp-json\/wp\/v2\/product"}],"about":[{"href":"https:\/\/maintenance.orpailleur.ch\/de\/wp-json\/wp\/v2\/types\/product"}],"wp:featuredmedia":[{"embeddable":true,"href":"https:\/\/maintenance.orpailleur.ch\/de\/wp-json\/wp\/v2\/media\/3606"}],"wp:attachment":[{"href":"https:\/\/maintenance.orpailleur.ch\/de\/wp-json\/wp\/v2\/media?parent=3776"}],"wp:term":[{"taxonomy":"product_brand","embeddable":true,"href":"https:\/\/maintenance.orpailleur.ch\/de\/wp-json\/wp\/v2\/product_brand?post=3776"},{"taxonomy":"product_cat","embeddable":true,"href":"https:\/\/maintenance.orpailleur.ch\/de\/wp-json\/wp\/v2\/product_cat?post=3776"},{"taxonomy":"product_tag","embeddable":true,"href":"https:\/\/maintenance.orpailleur.ch\/de\/wp-json\/wp\/v2\/product_tag?post=3776"},{"taxonomy":"product_taxonomy","embeddable":true,"href":"https:\/\/maintenance.orpailleur.ch\/de\/wp-json\/wp\/v2\/product_taxonomy?post=3776"}],"curies":[{"name":"wp","href":"https:\/\/api.w.org\/{rel}","templated":true}]}}