{"id":3753,"date":"2020-06-12T13:12:40","date_gmt":"2020-06-12T13:12:40","guid":{"rendered":"https:\/\/maintenance.orpailleur.ch\/product\/assemblage-or-jaune\/"},"modified":"2024-12-13T14:00:44","modified_gmt":"2024-12-13T13:00:44","slug":"assemblage-or-jaune","status":"publish","type":"product","link":"https:\/\/maintenance.orpailleur.ch\/de\/produkt\/assemblage-or-jaune\/","title":{"rendered":"Or Jaune"},"content":{"rendered":"<p>Unser S\u00fcsswein vereint\u00a0 beiden noblen Rebsorten Marsanne und Johannisberg. Die Trauben werden reif gelesen, getrocknet und zu einem grandiosen Wein vergoren, der durch seine Aromen von kandierten Fr\u00fcchten und die feinen Barrique Noten verzaubert.<\/p>\n","protected":false},"excerpt":{"rendered":"<p>Unser S\u00fcsswein vereint\u00a0 beiden noblen Rebsorten Marsanne und Johannisberg. Die Trauben werden reif gelesen, getrocknet und zu einem grandiosen Wein vergoren, der durch seine Aromen von kandierten Fr\u00fcchten und die feinen Barrique Noten verzaubert.<\/p>\n","protected":false},"featured_media":8534,"template":"","meta":[],"product_brand":[],"product_cat":[225],"product_tag":[274,176,173,171],"product_taxonomy":[],"class_list":{"0":"post-3753","1":"product","2":"type-product","3":"status-publish","4":"has-post-thumbnail","6":"product_cat-ors","7":"product_tag-assemblage-de","8":"product_tag-eichenfass","9":"product_tag-kase","10":"product_tag-suss","12":"first","13":"instock","14":"sale","15":"shipping-taxable","16":"purchasable","17":"product-type-variable","18":"has-default-attributes"},"yoast_head":"<!-- This site is optimized with the Yoast SEO plugin v25.8 - https:\/\/yoast.com\/wordpress\/plugins\/seo\/ -->\n<title>Or Jaune - Cave l&#039;orpailleur, Fr\u00e9d\u00e9ric Dumoulin, Encaveur<\/title>\n<meta name=\"robots\" content=\"index, follow, max-snippet:-1, max-image-preview:large, max-video-preview:-1\" \/>\n<link rel=\"canonical\" href=\"https:\/\/maintenance.orpailleur.ch\/de\/produkt\/assemblage-or-jaune\/\" \/>\n<meta property=\"og:locale\" content=\"de_DE\" \/>\n<meta property=\"og:type\" content=\"article\" \/>\n<meta property=\"og:title\" content=\"Or Jaune - Cave l&#039;orpailleur, Fr\u00e9d\u00e9ric Dumoulin, Encaveur\" \/>\n<meta property=\"og:description\" content=\"Unser S\u00fcsswein vereint\u00a0 beiden noblen Rebsorten Marsanne und Johannisberg. Die Trauben werden reif gelesen, getrocknet und zu einem grandiosen Wein vergoren, der durch seine Aromen von kandierten Fr\u00fcchten und die feinen Barrique Noten verzaubert.\" \/>\n<meta property=\"og:url\" content=\"https:\/\/maintenance.orpailleur.ch\/de\/produkt\/assemblage-or-jaune\/\" \/>\n<meta property=\"og:site_name\" content=\"Cave l&#039;orpailleur, Fr\u00e9d\u00e9ric Dumoulin, Encaveur\" \/>\n<meta property=\"article:publisher\" content=\"https:\/\/www.facebook.com\/cave.lorpailleur\/\" \/>\n<meta property=\"article:modified_time\" content=\"2024-12-13T13:00:44+00:00\" \/>\n<meta property=\"og:image\" content=\"https:\/\/maintenance.orpailleur.ch\/wp-content\/uploads\/2020\/06\/Or-jaune2.png\" \/>\n\t<meta property=\"og:image:width\" content=\"287\" \/>\n\t<meta property=\"og:image:height\" content=\"1147\" \/>\n\t<meta property=\"og:image:type\" content=\"image\/png\" \/>\n<meta name=\"twitter:card\" content=\"summary_large_image\" \/>\n<meta name=\"twitter:label1\" content=\"Gesch\u00e4tzte Lesezeit\" \/>\n\t<meta name=\"twitter:data1\" content=\"1\u00a0Minute\" \/>\n<script type=\"application\/ld+json\" class=\"yoast-schema-graph\">{\"@context\":\"https:\/\/schema.org\",\"@graph\":[{\"@type\":\"WebPage\",\"@id\":\"https:\/\/maintenance.orpailleur.ch\/de\/produkt\/assemblage-or-jaune\/\",\"url\":\"https:\/\/maintenance.orpailleur.ch\/de\/produkt\/assemblage-or-jaune\/\",\"name\":\"Or Jaune - Cave l'orpailleur, Fr\u00e9d\u00e9ric Dumoulin, Encaveur\",\"isPartOf\":{\"@id\":\"https:\/\/maintenance.orpailleur.ch\/de\/#website\"},\"primaryImageOfPage\":{\"@id\":\"https:\/\/maintenance.orpailleur.ch\/de\/produkt\/assemblage-or-jaune\/#primaryimage\"},\"image\":{\"@id\":\"https:\/\/maintenance.orpailleur.ch\/de\/produkt\/assemblage-or-jaune\/#primaryimage\"},\"thumbnailUrl\":\"https:\/\/maintenance.orpailleur.ch\/wp-content\/uploads\/2020\/06\/Or-jaune2.png\",\"datePublished\":\"2020-06-12T13:12:40+00:00\",\"dateModified\":\"2024-12-13T13:00:44+00:00\",\"breadcrumb\":{\"@id\":\"https:\/\/maintenance.orpailleur.ch\/de\/produkt\/assemblage-or-jaune\/#breadcrumb\"},\"inLanguage\":\"de\",\"potentialAction\":[{\"@type\":\"ReadAction\",\"target\":[\"https:\/\/maintenance.orpailleur.ch\/de\/produkt\/assemblage-or-jaune\/\"]}]},{\"@type\":\"ImageObject\",\"inLanguage\":\"de\",\"@id\":\"https:\/\/maintenance.orpailleur.ch\/de\/produkt\/assemblage-or-jaune\/#primaryimage\",\"url\":\"https:\/\/maintenance.orpailleur.ch\/wp-content\/uploads\/2020\/06\/Or-jaune2.png\",\"contentUrl\":\"https:\/\/maintenance.orpailleur.ch\/wp-content\/uploads\/2020\/06\/Or-jaune2.png\",\"width\":287,\"height\":1147,\"caption\":\"Or Jaune\"},{\"@type\":\"BreadcrumbList\",\"@id\":\"https:\/\/maintenance.orpailleur.ch\/de\/produkt\/assemblage-or-jaune\/#breadcrumb\",\"itemListElement\":[{\"@type\":\"ListItem\",\"position\":1,\"name\":\"Accueil\",\"item\":\"https:\/\/maintenance.orpailleur.ch\/de\/\"},{\"@type\":\"ListItem\",\"position\":2,\"name\":\"Shop\",\"item\":\"https:\/\/maintenance.orpailleur.ch\/de\/shop-2\/\"},{\"@type\":\"ListItem\",\"position\":3,\"name\":\"Or Jaune\"}]},{\"@type\":\"WebSite\",\"@id\":\"https:\/\/maintenance.orpailleur.ch\/de\/#website\",\"url\":\"https:\/\/maintenance.orpailleur.ch\/de\/\",\"name\":\"Cave l'orpailleur, Fr\u00e9d\u00e9ric Dumoulin, Encaveur\",\"description\":\"L'or de la terre\",\"publisher\":{\"@id\":\"https:\/\/maintenance.orpailleur.ch\/de\/#organization\"},\"potentialAction\":[{\"@type\":\"SearchAction\",\"target\":{\"@type\":\"EntryPoint\",\"urlTemplate\":\"https:\/\/maintenance.orpailleur.ch\/de\/?s={search_term_string}\"},\"query-input\":{\"@type\":\"PropertyValueSpecification\",\"valueRequired\":true,\"valueName\":\"search_term_string\"}}],\"inLanguage\":\"de\"},{\"@type\":\"Organization\",\"@id\":\"https:\/\/maintenance.orpailleur.ch\/de\/#organization\",\"name\":\"Cave l'orpailleur, Fr\u00e9d\u00e9ric Dumoulin, Encaveur\",\"url\":\"https:\/\/maintenance.orpailleur.ch\/de\/\",\"logo\":{\"@type\":\"ImageObject\",\"inLanguage\":\"de\",\"@id\":\"https:\/\/maintenance.orpailleur.ch\/de\/#\/schema\/logo\/image\/\",\"url\":\"https:\/\/maintenance.orpailleur.ch\/wp-content\/uploads\/2020\/06\/LOrpailleur_Logo_Quadri-copy.png\",\"contentUrl\":\"https:\/\/maintenance.orpailleur.ch\/wp-content\/uploads\/2020\/06\/LOrpailleur_Logo_Quadri-copy.png\",\"width\":300,\"height\":134,\"caption\":\"Cave l'orpailleur, Fr\u00e9d\u00e9ric Dumoulin, Encaveur\"},\"image\":{\"@id\":\"https:\/\/maintenance.orpailleur.ch\/de\/#\/schema\/logo\/image\/\"},\"sameAs\":[\"https:\/\/www.facebook.com\/cave.lorpailleur\/\",\"https:\/\/www.instagram.com\/cave_lorpailleur\/\"]}]}<\/script>\n<!-- \/ Yoast SEO plugin. -->","yoast_head_json":{"title":"Or Jaune - Cave l'orpailleur, Fr\u00e9d\u00e9ric Dumoulin, Encaveur","robots":{"index":"index","follow":"follow","max-snippet":"max-snippet:-1","max-image-preview":"max-image-preview:large","max-video-preview":"max-video-preview:-1"},"canonical":"https:\/\/maintenance.orpailleur.ch\/de\/produkt\/assemblage-or-jaune\/","og_locale":"de_DE","og_type":"article","og_title":"Or Jaune - Cave l'orpailleur, Fr\u00e9d\u00e9ric Dumoulin, Encaveur","og_description":"Unser S\u00fcsswein vereint\u00a0 beiden noblen Rebsorten Marsanne und Johannisberg. Die Trauben werden reif gelesen, getrocknet und zu einem grandiosen Wein vergoren, der durch seine Aromen von kandierten Fr\u00fcchten und die feinen Barrique Noten verzaubert.","og_url":"https:\/\/maintenance.orpailleur.ch\/de\/produkt\/assemblage-or-jaune\/","og_site_name":"Cave l'orpailleur, Fr\u00e9d\u00e9ric Dumoulin, Encaveur","article_publisher":"https:\/\/www.facebook.com\/cave.lorpailleur\/","article_modified_time":"2024-12-13T13:00:44+00:00","og_image":[{"width":287,"height":1147,"url":"https:\/\/maintenance.orpailleur.ch\/wp-content\/uploads\/2020\/06\/Or-jaune2.png","type":"image\/png"}],"twitter_card":"summary_large_image","twitter_misc":{"Gesch\u00e4tzte Lesezeit":"1\u00a0Minute"},"schema":{"@context":"https:\/\/schema.org","@graph":[{"@type":"WebPage","@id":"https:\/\/maintenance.orpailleur.ch\/de\/produkt\/assemblage-or-jaune\/","url":"https:\/\/maintenance.orpailleur.ch\/de\/produkt\/assemblage-or-jaune\/","name":"Or Jaune - Cave l'orpailleur, Fr\u00e9d\u00e9ric Dumoulin, Encaveur","isPartOf":{"@id":"https:\/\/maintenance.orpailleur.ch\/de\/#website"},"primaryImageOfPage":{"@id":"https:\/\/maintenance.orpailleur.ch\/de\/produkt\/assemblage-or-jaune\/#primaryimage"},"image":{"@id":"https:\/\/maintenance.orpailleur.ch\/de\/produkt\/assemblage-or-jaune\/#primaryimage"},"thumbnailUrl":"https:\/\/maintenance.orpailleur.ch\/wp-content\/uploads\/2020\/06\/Or-jaune2.png","datePublished":"2020-06-12T13:12:40+00:00","dateModified":"2024-12-13T13:00:44+00:00","breadcrumb":{"@id":"https:\/\/maintenance.orpailleur.ch\/de\/produkt\/assemblage-or-jaune\/#breadcrumb"},"inLanguage":"de","potentialAction":[{"@type":"ReadAction","target":["https:\/\/maintenance.orpailleur.ch\/de\/produkt\/assemblage-or-jaune\/"]}]},{"@type":"ImageObject","inLanguage":"de","@id":"https:\/\/maintenance.orpailleur.ch\/de\/produkt\/assemblage-or-jaune\/#primaryimage","url":"https:\/\/maintenance.orpailleur.ch\/wp-content\/uploads\/2020\/06\/Or-jaune2.png","contentUrl":"https:\/\/maintenance.orpailleur.ch\/wp-content\/uploads\/2020\/06\/Or-jaune2.png","width":287,"height":1147,"caption":"Or Jaune"},{"@type":"BreadcrumbList","@id":"https:\/\/maintenance.orpailleur.ch\/de\/produkt\/assemblage-or-jaune\/#breadcrumb","itemListElement":[{"@type":"ListItem","position":1,"name":"Accueil","item":"https:\/\/maintenance.orpailleur.ch\/de\/"},{"@type":"ListItem","position":2,"name":"Shop","item":"https:\/\/maintenance.orpailleur.ch\/de\/shop-2\/"},{"@type":"ListItem","position":3,"name":"Or Jaune"}]},{"@type":"WebSite","@id":"https:\/\/maintenance.orpailleur.ch\/de\/#website","url":"https:\/\/maintenance.orpailleur.ch\/de\/","name":"Cave l'orpailleur, Fr\u00e9d\u00e9ric Dumoulin, Encaveur","description":"L'or de la terre","publisher":{"@id":"https:\/\/maintenance.orpailleur.ch\/de\/#organization"},"potentialAction":[{"@type":"SearchAction","target":{"@type":"EntryPoint","urlTemplate":"https:\/\/maintenance.orpailleur.ch\/de\/?s={search_term_string}"},"query-input":{"@type":"PropertyValueSpecification","valueRequired":true,"valueName":"search_term_string"}}],"inLanguage":"de"},{"@type":"Organization","@id":"https:\/\/maintenance.orpailleur.ch\/de\/#organization","name":"Cave l'orpailleur, Fr\u00e9d\u00e9ric Dumoulin, Encaveur","url":"https:\/\/maintenance.orpailleur.ch\/de\/","logo":{"@type":"ImageObject","inLanguage":"de","@id":"https:\/\/maintenance.orpailleur.ch\/de\/#\/schema\/logo\/image\/","url":"https:\/\/maintenance.orpailleur.ch\/wp-content\/uploads\/2020\/06\/LOrpailleur_Logo_Quadri-copy.png","contentUrl":"https:\/\/maintenance.orpailleur.ch\/wp-content\/uploads\/2020\/06\/LOrpailleur_Logo_Quadri-copy.png","width":300,"height":134,"caption":"Cave l'orpailleur, Fr\u00e9d\u00e9ric Dumoulin, Encaveur"},"image":{"@id":"https:\/\/maintenance.orpailleur.ch\/de\/#\/schema\/logo\/image\/"},"sameAs":["https:\/\/www.facebook.com\/cave.lorpailleur\/","https:\/\/www.instagram.com\/cave_lorpailleur\/"]}]}},"_links":{"self":[{"href":"https:\/\/maintenance.orpailleur.ch\/de\/wp-json\/wp\/v2\/product\/3753","targetHints":{"allow":["GET"]}}],"collection":[{"href":"https:\/\/maintenance.orpailleur.ch\/de\/wp-json\/wp\/v2\/product"}],"about":[{"href":"https:\/\/maintenance.orpailleur.ch\/de\/wp-json\/wp\/v2\/types\/product"}],"wp:featuredmedia":[{"embeddable":true,"href":"https:\/\/maintenance.orpailleur.ch\/de\/wp-json\/wp\/v2\/media\/8534"}],"wp:attachment":[{"href":"https:\/\/maintenance.orpailleur.ch\/de\/wp-json\/wp\/v2\/media?parent=3753"}],"wp:term":[{"taxonomy":"product_brand","embeddable":true,"href":"https:\/\/maintenance.orpailleur.ch\/de\/wp-json\/wp\/v2\/product_brand?post=3753"},{"taxonomy":"product_cat","embeddable":true,"href":"https:\/\/maintenance.orpailleur.ch\/de\/wp-json\/wp\/v2\/product_cat?post=3753"},{"taxonomy":"product_tag","embeddable":true,"href":"https:\/\/maintenance.orpailleur.ch\/de\/wp-json\/wp\/v2\/product_tag?post=3753"},{"taxonomy":"product_taxonomy","embeddable":true,"href":"https:\/\/maintenance.orpailleur.ch\/de\/wp-json\/wp\/v2\/product_taxonomy?post=3753"}],"curies":[{"name":"wp","href":"https:\/\/api.w.org\/{rel}","templated":true}]}}