{"id":3741,"date":"2020-06-12T12:56:47","date_gmt":"2020-06-12T12:56:47","guid":{"rendered":"https:\/\/maintenance.orpailleur.ch\/product\/syrah-tradition\/"},"modified":"2024-12-13T14:32:35","modified_gmt":"2024-12-13T13:32:35","slug":"syrah-tradition","status":"publish","type":"product","link":"https:\/\/maintenance.orpailleur.ch\/de\/produkt\/syrah-tradition\/","title":{"rendered":"Syrah Tradition"},"content":{"rendered":"<p>Die Syrah hat Ihre Wunschheimat in den sonnenverw\u00f6hnten H\u00e4ngen des Rhonetals gefunden. Der Wein beeindruckt durch seine dunkle Farbe mit violetten Reflexen, seine m\u00e4chtige Struktur und die explosive Aromenpalette von dunklen Fr\u00fcchten und Gew\u00fcrzen. Der ideale Partner f\u00fcr kr\u00e4ftige und w\u00fcrzige Speisen<\/p>\n","protected":false},"excerpt":{"rendered":"<p>Die Syrah hat Ihre Wunschheimat in den sonnenverw\u00f6hnten H\u00e4ngen des Rhonetals gefunden. Der Wein beeindruckt durch seine dunkle Farbe mit violetten Reflexen, seine m\u00e4chtige Struktur und die explosive Aromenpalette von dunklen Fr\u00fcchten und Gew\u00fcrzen. Der ideale Partner f\u00fcr kr\u00e4ftige und w\u00fcrzige Speisen<\/p>\n","protected":false},"featured_media":3595,"template":"","meta":[],"product_brand":[],"product_cat":[228],"product_tag":[189,174,190,173,185,178],"product_taxonomy":[],"class_list":{"0":"post-3741","1":"product","2":"type-product","3":"status-publish","4":"has-post-thumbnail","6":"product_cat-tradition-de","7":"product_tag-fleisch","8":"product_tag-fruchtig","9":"product_tag-geflugel","10":"product_tag-kase","11":"product_tag-kraftig","12":"product_tag-wild-de","14":"first","15":"instock","16":"sale","17":"shipping-taxable","18":"purchasable","19":"product-type-variable","20":"has-default-attributes"},"yoast_head":"<!-- This site is optimized with the Yoast SEO plugin v25.8 - https:\/\/yoast.com\/wordpress\/plugins\/seo\/ -->\n<title>Syrah Tradition - Cave l&#039;orpailleur, Fr\u00e9d\u00e9ric Dumoulin, Encaveur<\/title>\n<meta name=\"robots\" content=\"index, follow, max-snippet:-1, max-image-preview:large, max-video-preview:-1\" \/>\n<link rel=\"canonical\" href=\"https:\/\/maintenance.orpailleur.ch\/de\/produkt\/syrah-tradition\/\" \/>\n<meta property=\"og:locale\" content=\"de_DE\" \/>\n<meta property=\"og:type\" content=\"article\" \/>\n<meta property=\"og:title\" content=\"Syrah Tradition - Cave l&#039;orpailleur, Fr\u00e9d\u00e9ric Dumoulin, Encaveur\" \/>\n<meta property=\"og:description\" content=\"Die Syrah hat Ihre Wunschheimat in den sonnenverw\u00f6hnten H\u00e4ngen des Rhonetals gefunden. Der Wein beeindruckt durch seine dunkle Farbe mit violetten Reflexen, seine m\u00e4chtige Struktur und die explosive Aromenpalette von dunklen Fr\u00fcchten und Gew\u00fcrzen. Der ideale Partner f\u00fcr kr\u00e4ftige und w\u00fcrzige Speisen\" \/>\n<meta property=\"og:url\" content=\"https:\/\/maintenance.orpailleur.ch\/de\/produkt\/syrah-tradition\/\" \/>\n<meta property=\"og:site_name\" content=\"Cave l&#039;orpailleur, Fr\u00e9d\u00e9ric Dumoulin, Encaveur\" \/>\n<meta property=\"article:publisher\" content=\"https:\/\/www.facebook.com\/cave.lorpailleur\/\" \/>\n<meta property=\"article:modified_time\" content=\"2024-12-13T13:32:35+00:00\" \/>\n<meta property=\"og:image\" content=\"https:\/\/maintenance.orpailleur.ch\/wp-content\/uploads\/2020\/06\/Tradition-Syrah.png\" \/>\n\t<meta property=\"og:image:width\" content=\"288\" \/>\n\t<meta property=\"og:image:height\" content=\"1188\" \/>\n\t<meta property=\"og:image:type\" content=\"image\/png\" \/>\n<meta name=\"twitter:card\" content=\"summary_large_image\" \/>\n<meta name=\"twitter:label1\" content=\"Gesch\u00e4tzte Lesezeit\" \/>\n\t<meta name=\"twitter:data1\" content=\"1\u00a0Minute\" \/>\n<script type=\"application\/ld+json\" class=\"yoast-schema-graph\">{\"@context\":\"https:\/\/schema.org\",\"@graph\":[{\"@type\":\"WebPage\",\"@id\":\"https:\/\/maintenance.orpailleur.ch\/de\/produkt\/syrah-tradition\/\",\"url\":\"https:\/\/maintenance.orpailleur.ch\/de\/produkt\/syrah-tradition\/\",\"name\":\"Syrah Tradition - Cave l'orpailleur, Fr\u00e9d\u00e9ric Dumoulin, Encaveur\",\"isPartOf\":{\"@id\":\"https:\/\/maintenance.orpailleur.ch\/de\/#website\"},\"primaryImageOfPage\":{\"@id\":\"https:\/\/maintenance.orpailleur.ch\/de\/produkt\/syrah-tradition\/#primaryimage\"},\"image\":{\"@id\":\"https:\/\/maintenance.orpailleur.ch\/de\/produkt\/syrah-tradition\/#primaryimage\"},\"thumbnailUrl\":\"https:\/\/maintenance.orpailleur.ch\/wp-content\/uploads\/2020\/06\/Tradition-Syrah.png\",\"datePublished\":\"2020-06-12T12:56:47+00:00\",\"dateModified\":\"2024-12-13T13:32:35+00:00\",\"breadcrumb\":{\"@id\":\"https:\/\/maintenance.orpailleur.ch\/de\/produkt\/syrah-tradition\/#breadcrumb\"},\"inLanguage\":\"de\",\"potentialAction\":[{\"@type\":\"ReadAction\",\"target\":[\"https:\/\/maintenance.orpailleur.ch\/de\/produkt\/syrah-tradition\/\"]}]},{\"@type\":\"ImageObject\",\"inLanguage\":\"de\",\"@id\":\"https:\/\/maintenance.orpailleur.ch\/de\/produkt\/syrah-tradition\/#primaryimage\",\"url\":\"https:\/\/maintenance.orpailleur.ch\/wp-content\/uploads\/2020\/06\/Tradition-Syrah.png\",\"contentUrl\":\"https:\/\/maintenance.orpailleur.ch\/wp-content\/uploads\/2020\/06\/Tradition-Syrah.png\",\"width\":288,\"height\":1188},{\"@type\":\"BreadcrumbList\",\"@id\":\"https:\/\/maintenance.orpailleur.ch\/de\/produkt\/syrah-tradition\/#breadcrumb\",\"itemListElement\":[{\"@type\":\"ListItem\",\"position\":1,\"name\":\"Accueil\",\"item\":\"https:\/\/maintenance.orpailleur.ch\/de\/\"},{\"@type\":\"ListItem\",\"position\":2,\"name\":\"Shop\",\"item\":\"https:\/\/maintenance.orpailleur.ch\/de\/shop-2\/\"},{\"@type\":\"ListItem\",\"position\":3,\"name\":\"Syrah Tradition\"}]},{\"@type\":\"WebSite\",\"@id\":\"https:\/\/maintenance.orpailleur.ch\/de\/#website\",\"url\":\"https:\/\/maintenance.orpailleur.ch\/de\/\",\"name\":\"Cave l'orpailleur, Fr\u00e9d\u00e9ric Dumoulin, Encaveur\",\"description\":\"L'or de la terre\",\"publisher\":{\"@id\":\"https:\/\/maintenance.orpailleur.ch\/de\/#organization\"},\"potentialAction\":[{\"@type\":\"SearchAction\",\"target\":{\"@type\":\"EntryPoint\",\"urlTemplate\":\"https:\/\/maintenance.orpailleur.ch\/de\/?s={search_term_string}\"},\"query-input\":{\"@type\":\"PropertyValueSpecification\",\"valueRequired\":true,\"valueName\":\"search_term_string\"}}],\"inLanguage\":\"de\"},{\"@type\":\"Organization\",\"@id\":\"https:\/\/maintenance.orpailleur.ch\/de\/#organization\",\"name\":\"Cave l'orpailleur, Fr\u00e9d\u00e9ric Dumoulin, Encaveur\",\"url\":\"https:\/\/maintenance.orpailleur.ch\/de\/\",\"logo\":{\"@type\":\"ImageObject\",\"inLanguage\":\"de\",\"@id\":\"https:\/\/maintenance.orpailleur.ch\/de\/#\/schema\/logo\/image\/\",\"url\":\"https:\/\/maintenance.orpailleur.ch\/wp-content\/uploads\/2020\/06\/LOrpailleur_Logo_Quadri-copy.png\",\"contentUrl\":\"https:\/\/maintenance.orpailleur.ch\/wp-content\/uploads\/2020\/06\/LOrpailleur_Logo_Quadri-copy.png\",\"width\":300,\"height\":134,\"caption\":\"Cave l'orpailleur, Fr\u00e9d\u00e9ric Dumoulin, Encaveur\"},\"image\":{\"@id\":\"https:\/\/maintenance.orpailleur.ch\/de\/#\/schema\/logo\/image\/\"},\"sameAs\":[\"https:\/\/www.facebook.com\/cave.lorpailleur\/\",\"https:\/\/www.instagram.com\/cave_lorpailleur\/\"]}]}<\/script>\n<!-- \/ Yoast SEO plugin. -->","yoast_head_json":{"title":"Syrah Tradition - Cave l'orpailleur, Fr\u00e9d\u00e9ric Dumoulin, Encaveur","robots":{"index":"index","follow":"follow","max-snippet":"max-snippet:-1","max-image-preview":"max-image-preview:large","max-video-preview":"max-video-preview:-1"},"canonical":"https:\/\/maintenance.orpailleur.ch\/de\/produkt\/syrah-tradition\/","og_locale":"de_DE","og_type":"article","og_title":"Syrah Tradition - Cave l'orpailleur, Fr\u00e9d\u00e9ric Dumoulin, Encaveur","og_description":"Die Syrah hat Ihre Wunschheimat in den sonnenverw\u00f6hnten H\u00e4ngen des Rhonetals gefunden. Der Wein beeindruckt durch seine dunkle Farbe mit violetten Reflexen, seine m\u00e4chtige Struktur und die explosive Aromenpalette von dunklen Fr\u00fcchten und Gew\u00fcrzen. Der ideale Partner f\u00fcr kr\u00e4ftige und w\u00fcrzige Speisen","og_url":"https:\/\/maintenance.orpailleur.ch\/de\/produkt\/syrah-tradition\/","og_site_name":"Cave l'orpailleur, Fr\u00e9d\u00e9ric Dumoulin, Encaveur","article_publisher":"https:\/\/www.facebook.com\/cave.lorpailleur\/","article_modified_time":"2024-12-13T13:32:35+00:00","og_image":[{"width":288,"height":1188,"url":"https:\/\/maintenance.orpailleur.ch\/wp-content\/uploads\/2020\/06\/Tradition-Syrah.png","type":"image\/png"}],"twitter_card":"summary_large_image","twitter_misc":{"Gesch\u00e4tzte Lesezeit":"1\u00a0Minute"},"schema":{"@context":"https:\/\/schema.org","@graph":[{"@type":"WebPage","@id":"https:\/\/maintenance.orpailleur.ch\/de\/produkt\/syrah-tradition\/","url":"https:\/\/maintenance.orpailleur.ch\/de\/produkt\/syrah-tradition\/","name":"Syrah Tradition - Cave l'orpailleur, Fr\u00e9d\u00e9ric Dumoulin, Encaveur","isPartOf":{"@id":"https:\/\/maintenance.orpailleur.ch\/de\/#website"},"primaryImageOfPage":{"@id":"https:\/\/maintenance.orpailleur.ch\/de\/produkt\/syrah-tradition\/#primaryimage"},"image":{"@id":"https:\/\/maintenance.orpailleur.ch\/de\/produkt\/syrah-tradition\/#primaryimage"},"thumbnailUrl":"https:\/\/maintenance.orpailleur.ch\/wp-content\/uploads\/2020\/06\/Tradition-Syrah.png","datePublished":"2020-06-12T12:56:47+00:00","dateModified":"2024-12-13T13:32:35+00:00","breadcrumb":{"@id":"https:\/\/maintenance.orpailleur.ch\/de\/produkt\/syrah-tradition\/#breadcrumb"},"inLanguage":"de","potentialAction":[{"@type":"ReadAction","target":["https:\/\/maintenance.orpailleur.ch\/de\/produkt\/syrah-tradition\/"]}]},{"@type":"ImageObject","inLanguage":"de","@id":"https:\/\/maintenance.orpailleur.ch\/de\/produkt\/syrah-tradition\/#primaryimage","url":"https:\/\/maintenance.orpailleur.ch\/wp-content\/uploads\/2020\/06\/Tradition-Syrah.png","contentUrl":"https:\/\/maintenance.orpailleur.ch\/wp-content\/uploads\/2020\/06\/Tradition-Syrah.png","width":288,"height":1188},{"@type":"BreadcrumbList","@id":"https:\/\/maintenance.orpailleur.ch\/de\/produkt\/syrah-tradition\/#breadcrumb","itemListElement":[{"@type":"ListItem","position":1,"name":"Accueil","item":"https:\/\/maintenance.orpailleur.ch\/de\/"},{"@type":"ListItem","position":2,"name":"Shop","item":"https:\/\/maintenance.orpailleur.ch\/de\/shop-2\/"},{"@type":"ListItem","position":3,"name":"Syrah Tradition"}]},{"@type":"WebSite","@id":"https:\/\/maintenance.orpailleur.ch\/de\/#website","url":"https:\/\/maintenance.orpailleur.ch\/de\/","name":"Cave l'orpailleur, Fr\u00e9d\u00e9ric Dumoulin, Encaveur","description":"L'or de la terre","publisher":{"@id":"https:\/\/maintenance.orpailleur.ch\/de\/#organization"},"potentialAction":[{"@type":"SearchAction","target":{"@type":"EntryPoint","urlTemplate":"https:\/\/maintenance.orpailleur.ch\/de\/?s={search_term_string}"},"query-input":{"@type":"PropertyValueSpecification","valueRequired":true,"valueName":"search_term_string"}}],"inLanguage":"de"},{"@type":"Organization","@id":"https:\/\/maintenance.orpailleur.ch\/de\/#organization","name":"Cave l'orpailleur, Fr\u00e9d\u00e9ric Dumoulin, Encaveur","url":"https:\/\/maintenance.orpailleur.ch\/de\/","logo":{"@type":"ImageObject","inLanguage":"de","@id":"https:\/\/maintenance.orpailleur.ch\/de\/#\/schema\/logo\/image\/","url":"https:\/\/maintenance.orpailleur.ch\/wp-content\/uploads\/2020\/06\/LOrpailleur_Logo_Quadri-copy.png","contentUrl":"https:\/\/maintenance.orpailleur.ch\/wp-content\/uploads\/2020\/06\/LOrpailleur_Logo_Quadri-copy.png","width":300,"height":134,"caption":"Cave l'orpailleur, Fr\u00e9d\u00e9ric Dumoulin, Encaveur"},"image":{"@id":"https:\/\/maintenance.orpailleur.ch\/de\/#\/schema\/logo\/image\/"},"sameAs":["https:\/\/www.facebook.com\/cave.lorpailleur\/","https:\/\/www.instagram.com\/cave_lorpailleur\/"]}]}},"_links":{"self":[{"href":"https:\/\/maintenance.orpailleur.ch\/de\/wp-json\/wp\/v2\/product\/3741","targetHints":{"allow":["GET"]}}],"collection":[{"href":"https:\/\/maintenance.orpailleur.ch\/de\/wp-json\/wp\/v2\/product"}],"about":[{"href":"https:\/\/maintenance.orpailleur.ch\/de\/wp-json\/wp\/v2\/types\/product"}],"wp:featuredmedia":[{"embeddable":true,"href":"https:\/\/maintenance.orpailleur.ch\/de\/wp-json\/wp\/v2\/media\/3595"}],"wp:attachment":[{"href":"https:\/\/maintenance.orpailleur.ch\/de\/wp-json\/wp\/v2\/media?parent=3741"}],"wp:term":[{"taxonomy":"product_brand","embeddable":true,"href":"https:\/\/maintenance.orpailleur.ch\/de\/wp-json\/wp\/v2\/product_brand?post=3741"},{"taxonomy":"product_cat","embeddable":true,"href":"https:\/\/maintenance.orpailleur.ch\/de\/wp-json\/wp\/v2\/product_cat?post=3741"},{"taxonomy":"product_tag","embeddable":true,"href":"https:\/\/maintenance.orpailleur.ch\/de\/wp-json\/wp\/v2\/product_tag?post=3741"},{"taxonomy":"product_taxonomy","embeddable":true,"href":"https:\/\/maintenance.orpailleur.ch\/de\/wp-json\/wp\/v2\/product_taxonomy?post=3741"}],"curies":[{"name":"wp","href":"https:\/\/api.w.org\/{rel}","templated":true}]}}