{"id":3803,"date":"2020-06-30T09:24:07","date_gmt":"2020-06-30T09:24:07","guid":{"rendered":"https:\/\/maintenance.orpailleur.ch\/oenotourisme\/"},"modified":"2022-11-25T12:15:17","modified_gmt":"2022-11-25T12:15:17","slug":"oenotourismus","status":"publish","type":"page","link":"https:\/\/maintenance.orpailleur.ch\/de\/oenotourismus\/","title":{"rendered":"Oenotourismus"},"content":{"rendered":"<div class=\"wpb-content-wrapper\"><p>[vc_row type=&#8220;full-nopad&#8220; min_height=&#8220;400&#8243; css=&#8220;.vc_custom_1657535570985{margin-right: 0px !important;margin-left: 0px !important;padding-top: 0px !important;padding-right: 0px !important;padding-bottom: 0px !important;padding-left: 0px !important;background-image: url(https:\/\/maintenance.orpailleur.ch\/wp-content\/uploads\/2020\/06\/190918_ORPAILLEUR_0179-1.jpg?id=3628) !important;}&#8220; el_class=&#8220;shop-slider&#8220;][vc_column el_class=&#8220;orpailleur-image-slider-container&#8220;][vc_raw_html el_class=&#8220;orpailleur-slider-container&#8220;]JTNDZGl2JTIwY2xhc3MlM0QlMjJvcnBhaWxsZXVyLXNsaWRlciUyMHNsaWRlci0wMSUyMiUzRSUzQyUyRmRpdiUzRSUwQSUzQ2RpdiUyMGNsYXNzJTNEJTIyb3JwYWlsbGV1ci1zbGlkZXIlMjBzbGlkZXItMDIlMjIlM0UlM0MlMkZkaXYlM0UlMEElM0NkaXYlMjBjbGFzcyUzRCUyMm9ycGFpbGxldXItc2xpZGVyJTIwc2xpZGVyLTAzJTIyJTNFJTNDJTJGZGl2JTNFJTBBJTNDZGl2JTIwY2xhc3MlM0QlMjJvcnBhaWxsZXVyLXNsaWRlciUyMHNsaWRlci0wNCUyMiUzRSUzQyUyRmRpdiUzRSUwQSUzQ2RpdiUyMGNsYXNzJTNEJTIyb3JwYWlsbGV1ci1zbGlkZXIlMjBzbGlkZXItMDUlMjIlM0UlM0MlMkZkaXYlM0U=[\/vc_raw_html][\/vc_column][\/vc_row][vc_row max_width=&#8220;1280&#8243; content_placement=&#8220;middle&#8220;][vc_column width=&#8220;1\/2&#8243; offset=&#8220;vc_col-lg-offset-1 vc_col-lg-4 vc_col-md-offset-1 vc_col-md-4&#8243;][vc_custom_heading text=&#8220;Zusammen das<br \/>\nErlebnis Orpailleur<br \/>\ngeniessen&#8220; font_container=&#8220;tag:h5|text_align:left&#8220; use_theme_fonts=&#8220;yes&#8220;][\/vc_column][vc_column width=&#8220;1\/3&#8243; offset=&#8220;vc_col-lg-offset-2 vc_col-md-offset-1&#8243;][vc_column_text]Das \u201eGold der Erde\u201c ist ein Package, das Besichtigung und Degustation kombiniert und erm\u00f6glicht, die verschiedenen Orpailleur Weine zu entdecken. Im Familienkreis, unter Freunden oder Kollegen ergr\u00fcnden Sie die Geheimnisse der Umwandlung des Goldes der Erde in einen g\u00f6ttlichen Nektar. Damit wir Sie optimal empfangen k\u00f6nnen, empfehlen wir Ihnen eine vorg\u00e4ngige Reservation.[\/vc_column_text][\/vc_column][\/vc_row][vc_row max_width=&#8220;1280&#8243; css=&#8220;.vc_custom_1593589907379{padding-top: 0px !important;}&#8220;][vc_column][vc_row_inner el_class=&#8220;img-unsymmetrical&#8220;][vc_column_inner width=&#8220;1\/2&#8243;][vc_single_image image=&#8220;3629&#8243; img_size=&#8220;full&#8220; el_class=&#8220;img-has-color img-not-blur&#8220;][\/vc_column_inner][vc_column_inner width=&#8220;1\/2&#8243;][vc_single_image image=&#8220;3630&#8243; img_size=&#8220;full&#8220; el_class=&#8220;img-has-color img-not-blur&#8220;][\/vc_column_inner][\/vc_row_inner][\/vc_column][\/vc_row][vc_row max_width=&#8220;1280&#8243; el_id=&#8220;domaines&#8220;][vc_column width=&#8220;1\/3&#8243;][vc_custom_heading text=&#8220;Die \u201eGold der Erde \u201e<br \/>\nPackages&#8220; font_container=&#8220;tag:h5|text_align:left&#8220; use_theme_fonts=&#8220;yes&#8220;][vc_column_text]Darin inbegriffen sind die Degustation von 3 \u2013 7 Weinen in unserem stilvollen Empfangslokal sowie ein kurzer Rundgang in der Kellerei mit entsprechenden Erkl\u00e4rungen. Weiterhin servieren Ihnen die ber\u00fchmten \u201eCroustilles de Sion\u201c (Roggenbrot Chips) und Mineralwasser. Nat\u00fcrlich k\u00f6nnen Sie Ihre Degustation mit einem Walliserpl\u00e4ttli (vom lokalen Metzger ) erg\u00e4nzen. Das Angebot gilt f\u00fcr Gruppen von 2 \u2013 28 Personen und kann auf Deutsch oder Franz\u00f6sisch geordert werden.[\/vc_column_text][\/vc_column][vc_column width=&#8220;2\/3&#8243; el_class=&#8220;btn-bottom-right-2 vins has-btn&#8220;][vc_single_image image=&#8220;3631&#8243; img_size=&#8220;full&#8220; el_class=&#8220;img-not-blur img-has-color&#8220;]\r\n\t\t\t<div class=\"nm_btn_align_left\">\r\n\t\t\t\t<a href=\"https:\/\/maintenance.orpailleur.ch\/de\/kontakt\/\" class=\"nm_btn nm_btn_lg nm_btn_filled_rounded\" title=\"Kontakt\">\r\n\t\t\t\t\t<span class=\"nm_btn_title\">R\u00e9server<\/span>\r\n\t\t\t\t\t<span class=\"nm_btn_bg\" style=\"background-color:#8d7434;\"><\/span>\r\n\t\t\t\t<\/a>\r\n\t\t\t<\/div>[\/vc_column][\/vc_row][vc_row max_width=&#8220;1280&#8243;][vc_column width=&#8220;1\/2&#8243;][vc_single_image image=&#8220;3632&#8243; img_size=&#8220;full&#8220; el_class=&#8220;img-not-blur img-has-color&#8220;][\/vc_column][vc_column width=&#8220;1\/2&#8243; offset=&#8220;vc_col-lg-offset-1 vc_col-lg-5 vc_col-md-offset-1 vc_col-md-5&#8243;][vc_column_text]<strong>Das 3 Karat Angebot<\/strong><br \/>\n&#8211; Degustation von 3 Weinen<br \/>\n&#8211; Dauer 1 Stunde<br \/>\n&#8211; Fr. 9.- \/ Person<br \/>\n<strong>Das 5 Karat Angebot<\/strong><br \/>\n&#8211; Degustation von 5 Weinen<br \/>\n&#8211; Dauer 1 \u00bd Stunden<br \/>\n&#8211; Fr. 12.- \/ Person<br \/>\n<strong>Das 7 Karat Angebot<\/strong><br \/>\n&#8211; Degustation von 7 Weinen<br \/>\n&#8211; Dauer 2 Stunden<br \/>\n&#8211; Fr. 15.- \/ Person<br \/>\n<strong>Walliserpl\u00e4ttli<\/strong><br \/>\n&#8211; Fr. 10.- \/ Person<br \/>\n&#8211; Zus\u00e4tzlich (auf Bestellung 48h vorher)<\/p>\n<p>ab Fr. 300.- Einkauf pro Person wird die Degustation offeriert[\/vc_column_text][\/vc_column][\/vc_row][vc_row max_width=&#8220;1280&#8243;][vc_column width=&#8220;1\/3&#8243;][vc_custom_heading text=&#8220;Das auf Sie pers\u00f6nlich<br \/>\nzugeschnittene Angebot&#8220; font_container=&#8220;tag:h5|text_align:left&#8220; use_theme_fonts=&#8220;yes&#8220;][vc_column_text]M\u00f6chten Sie unsere Rebberge besichtigen, oder die Degustation mit einem Essen in einem befreundeten Restaurant verbinden? Bitte z\u00f6gern Sie nicht, uns anzufragen. wir haben unz\u00e4hlige Ideen, um Sie zu \u00fcberraschen.[\/vc_column_text][\/vc_column][vc_column width=&#8220;2\/3&#8243; el_class=&#8220;btn-bottom-left has-btn&#8220;][vc_single_image image=&#8220;3633&#8243; img_size=&#8220;full&#8220; el_class=&#8220;img-not-blur img-has-color&#8220;]\r\n\t\t\t<div class=\"nm_btn_align_left\">\r\n\t\t\t\t<a href=\"https:\/\/maintenance.orpailleur.ch\/de\/kontakt\/\" class=\"nm_btn nm_btn_lg nm_btn_filled_rounded\" title=\"Kontakt\">\r\n\t\t\t\t\t<span class=\"nm_btn_title\">Mehr erfahren<\/span>\r\n\t\t\t\t\t<span class=\"nm_btn_bg\" style=\"background-color:#8d7434;\"><\/span>\r\n\t\t\t\t<\/a>\r\n\t\t\t<\/div>[\/vc_column][\/vc_row][vc_row max_width=&#8220;1280&#8243;][vc_column width=&#8220;2\/3&#8243; el_class=&#8220;btn-bottom-right-2 vins has-btn&#8220;][vc_single_image image=&#8220;3634&#8243; img_size=&#8220;full&#8220; el_class=&#8220;img-not-blur&#8220;]\r\n\t\t\t<div class=\"nm_btn_align_left\">\r\n\t\t\t\t<a href=\"https:\/\/maintenance.orpailleur.ch\/de\/agenda\/\" class=\"nm_btn nm_btn_lg nm_btn_filled_rounded\" title=\"Agenda\">\r\n\t\t\t\t\t<span class=\"nm_btn_title\">Agenda<\/span>\r\n\t\t\t\t\t<span class=\"nm_btn_bg\" style=\"background-color:#8d7434;\"><\/span>\r\n\t\t\t\t<\/a>\r\n\t\t\t<\/div>[\/vc_column][vc_column width=&#8220;1\/3&#8243;][vc_custom_heading text=&#8220;Die n\u00e4chsten<br \/>\nTermine&#8220; font_container=&#8220;tag:h5|text_align:left&#8220; use_theme_fonts=&#8220;yes&#8220;][vc_column_text]Wir organisieren regelm\u00e4ssig Anl\u00e4sse rund um den Wein und sind auch bei gr\u00f6sseren Wein-Events dabei. Werfen Sie einen Blick in die Agenda oder abonnieren Sie unseren Newsletter, um immer auf dem Laufenden zu sein.[\/vc_column_text][\/vc_column][\/vc_row][vc_row max_width=&#8220;1280&#8243; equal_height=&#8220;yes&#8220; content_placement=&#8220;middle&#8220;][vc_column width=&#8220;1\/2&#8243;][vc_custom_heading text=&#8220;Der Produzentenverband von<br \/>\nSitten&#8220; font_container=&#8220;tag:h5|text_align:left&#8220; use_theme_fonts=&#8220;yes&#8220;][vc_column_text]Dieser Verband der Weinproduzenten in der Weinhauptstadt Sitten ist sehr aktiv und organisiert zahlreiche Aktivit\u00e4ten rund um den Wein.<\/p>\n<p><a href=\"http:\/\/www.sionwine.ch\"><strong>Sion Wine Tour<\/strong><\/a><\/p>\n<p>Es k\u00f6nnen verschiedene Rundg\u00e4nge zum Thema Wein gebucht werden.<\/p>\n<p><a href=\"https:\/\/www.jardin-des-vins.ch\/\"><strong>Der Weingarten<\/strong><\/a><\/p>\n<p>Der obligatorische Event im Fr\u00fchling: die Sittener Weinkellereien stellen Ihre Weine im wundersch\u00f6nen Park \u201eDomaine des Iles\u201c vor.<\/p>\n<p><a href=\"https:\/\/www.sioncapitaledesvins.com\/verre-a-pied\"><strong>Die Oenothek \u201eVerre \u00e0 Pied\u201c<\/strong><\/a><\/p>\n<p>Eine beliebte Weinbar in der Altstadt von Sion wo sich G\u00e4ste und Einheimische begegnen. Sie bietet eine sch\u00f6ne Auswahl von Sittener Weinen im Offenausschank, es k\u00f6nnen auch Flaschen zum Mitnehmen gekauft werden.[\/vc_column_text][\/vc_column][vc_column width=&#8220;1\/2&#8243; el_class=&#8220;btn-bottom-left vins has-btn&#8220;][vc_single_image image=&#8220;3635&#8243; img_size=&#8220;full&#8220; el_class=&#8220;img-not-blur img-has-color&#8220;]\r\n\t\t\t<div class=\"nm_btn_align_left\">\r\n\t\t\t\t<a href=\"http:\/\/www.sionwine.ch\" class=\"nm_btn nm_btn_lg nm_btn_filled_rounded\"target=\"_blank\">\r\n\t\t\t\t\t<span class=\"nm_btn_title\">Entdecken<\/span>\r\n\t\t\t\t\t<span class=\"nm_btn_bg\" style=\"background-color:#8d7434;\"><\/span>\r\n\t\t\t\t<\/a>\r\n\t\t\t<\/div>[\/vc_column][\/vc_row]<\/p>\n<\/div>","protected":false},"excerpt":{"rendered":"<p>[vc_row type=&#8220;full-nopad&#8220; min_height=&#8220;400&#8243; css=&#8220;.vc_custom_1657535570985{margin-right: 0px !important;margin-left: 0px !important;padding-top: 0px !important;padding-right: 0px !important;padding-bottom: 0px !important;padding-left: 0px !important;background-image: url(https:\/\/maintenance.orpailleur.ch\/wp-content\/uploads\/2020\/06\/190918_ORPAILLEUR_0179-1.jpg?id=3628) !important;}&#8220; el_class=&#8220;shop-slider&#8220;][vc_column el_class=&#8220;orpailleur-image-slider-container&#8220;][vc_raw_html el_class=&#8220;orpailleur-slider-container&#8220;]JTNDZGl2JTIwY2xhc3MlM0QlMjJvcnBhaWxsZXVyLXNsaWRlciUyMHNsaWRlci0wMSUyMiUzRSUzQyUyRmRpdiUzRSUwQSUzQ2RpdiUyMGNsYXNzJTNEJTIyb3JwYWlsbGV1ci1zbGlkZXIlMjBzbGlkZXItMDIlMjIlM0UlM0MlMkZkaXYlM0UlMEElM0NkaXYlMjBjbGFzcyUzRCUyMm9ycGFpbGxldXItc2xpZGVyJTIwc2xpZGVyLTAzJTIyJTNFJTNDJTJGZGl2JTNFJTBBJTNDZGl2JTIwY2xhc3MlM0QlMjJvcnBhaWxsZXVyLXNsaWRlciUyMHNsaWRlci0wNCUyMiUzRSUzQyUyRmRpdiUzRSUwQSUzQ2RpdiUyMGNsYXNzJTNEJTIyb3JwYWlsbGV1ci1zbGlkZXIlMjBzbGlkZXItMDUlMjIlM0UlM0MlMkZkaXYlM0U=[\/vc_raw_html][\/vc_column][\/vc_row][vc_row max_width=&#8220;1280&#8243; content_placement=&#8220;middle&#8220;][vc_column width=&#8220;1\/2&#8243; offset=&#8220;vc_col-lg-offset-1 vc_col-lg-4 vc_col-md-offset-1 vc_col-md-4&#8243;][vc_custom_heading text=&#8220;Zusammen das Erlebnis Orpailleur geniessen&#8220; font_container=&#8220;tag:h5|text_align:left&#8220; use_theme_fonts=&#8220;yes&#8220;][\/vc_column][vc_column width=&#8220;1\/3&#8243; offset=&#8220;vc_col-lg-offset-2 vc_col-md-offset-1&#8243;][vc_column_text]Das \u201eGold der Erde\u201c ist ein Package, das Besichtigung und Degustation kombiniert und erm\u00f6glicht, die verschiedenen Orpailleur Weine &hellip;<\/p>\n","protected":false},"author":1,"featured_media":0,"parent":0,"menu_order":0,"comment_status":"closed","ping_status":"closed","template":"templates\/page-full.php","meta":{"footnotes":""},"class_list":["post-3803","page","type-page","status-publish","hentry"],"yoast_head":"<!-- This site is optimized with the Yoast SEO plugin v25.8 - https:\/\/yoast.com\/wordpress\/plugins\/seo\/ -->\n<title>Oenotourismus - Cave l&#039;orpailleur, Fr\u00e9d\u00e9ric Dumoulin, Encaveur<\/title>\n<meta name=\"robots\" content=\"index, follow, max-snippet:-1, max-image-preview:large, max-video-preview:-1\" \/>\n<link rel=\"canonical\" href=\"https:\/\/maintenance.orpailleur.ch\/de\/oenotourismus\/\" \/>\n<meta property=\"og:locale\" content=\"de_DE\" \/>\n<meta property=\"og:type\" content=\"article\" \/>\n<meta property=\"og:title\" content=\"Oenotourismus - Cave l&#039;orpailleur, Fr\u00e9d\u00e9ric Dumoulin, Encaveur\" \/>\n<meta property=\"og:description\" content=\"[vc_row type=&#8220;full-nopad&#8220; min_height=&#8220;400&#8243; css=&#8220;.vc_custom_1657535570985{margin-right: 0px !important;margin-left: 0px !important;padding-top: 0px !important;padding-right: 0px !important;padding-bottom: 0px !important;padding-left: 0px !important;background-image: url(https:\/\/maintenance.orpailleur.ch\/wp-content\/uploads\/2020\/06\/190918_ORPAILLEUR_0179-1.jpg?id=3628) !important;}&#8220; el_class=&#8220;shop-slider&#8220;][vc_column el_class=&#8220;orpailleur-image-slider-container&#8220;][vc_raw_html el_class=&#8220;orpailleur-slider-container&#8220;]JTNDZGl2JTIwY2xhc3MlM0QlMjJvcnBhaWxsZXVyLXNsaWRlciUyMHNsaWRlci0wMSUyMiUzRSUzQyUyRmRpdiUzRSUwQSUzQ2RpdiUyMGNsYXNzJTNEJTIyb3JwYWlsbGV1ci1zbGlkZXIlMjBzbGlkZXItMDIlMjIlM0UlM0MlMkZkaXYlM0UlMEElM0NkaXYlMjBjbGFzcyUzRCUyMm9ycGFpbGxldXItc2xpZGVyJTIwc2xpZGVyLTAzJTIyJTNFJTNDJTJGZGl2JTNFJTBBJTNDZGl2JTIwY2xhc3MlM0QlMjJvcnBhaWxsZXVyLXNsaWRlciUyMHNsaWRlci0wNCUyMiUzRSUzQyUyRmRpdiUzRSUwQSUzQ2RpdiUyMGNsYXNzJTNEJTIyb3JwYWlsbGV1ci1zbGlkZXIlMjBzbGlkZXItMDUlMjIlM0UlM0MlMkZkaXYlM0U=[\/vc_raw_html][\/vc_column][\/vc_row][vc_row max_width=&#8220;1280&#8243; content_placement=&#8220;middle&#8220;][vc_column width=&#8220;1\/2&#8243; offset=&#8220;vc_col-lg-offset-1 vc_col-lg-4 vc_col-md-offset-1 vc_col-md-4&#8243;][vc_custom_heading text=&#8220;Zusammen das Erlebnis Orpailleur geniessen&#8220; font_container=&#8220;tag:h5|text_align:left&#8220; use_theme_fonts=&#8220;yes&#8220;][\/vc_column][vc_column width=&#8220;1\/3&#8243; offset=&#8220;vc_col-lg-offset-2 vc_col-md-offset-1&#8243;][vc_column_text]Das \u201eGold der Erde\u201c ist ein Package, das Besichtigung und Degustation kombiniert und erm\u00f6glicht, die verschiedenen Orpailleur Weine &hellip;\" \/>\n<meta property=\"og:url\" content=\"https:\/\/maintenance.orpailleur.ch\/de\/oenotourismus\/\" \/>\n<meta property=\"og:site_name\" content=\"Cave l&#039;orpailleur, Fr\u00e9d\u00e9ric Dumoulin, Encaveur\" \/>\n<meta property=\"article:publisher\" content=\"https:\/\/www.facebook.com\/cave.lorpailleur\/\" \/>\n<meta property=\"article:modified_time\" content=\"2022-11-25T12:15:17+00:00\" \/>\n<meta name=\"twitter:card\" content=\"summary_large_image\" \/>\n<meta name=\"twitter:label1\" content=\"Gesch\u00e4tzte Lesezeit\" \/>\n\t<meta name=\"twitter:data1\" content=\"3\u00a0Minuten\" \/>\n<script type=\"application\/ld+json\" class=\"yoast-schema-graph\">{\"@context\":\"https:\/\/schema.org\",\"@graph\":[{\"@type\":\"WebPage\",\"@id\":\"https:\/\/maintenance.orpailleur.ch\/de\/oenotourismus\/\",\"url\":\"https:\/\/maintenance.orpailleur.ch\/de\/oenotourismus\/\",\"name\":\"Oenotourismus - Cave l'orpailleur, Fr\u00e9d\u00e9ric Dumoulin, Encaveur\",\"isPartOf\":{\"@id\":\"https:\/\/maintenance.orpailleur.ch\/de\/#website\"},\"datePublished\":\"2020-06-30T09:24:07+00:00\",\"dateModified\":\"2022-11-25T12:15:17+00:00\",\"breadcrumb\":{\"@id\":\"https:\/\/maintenance.orpailleur.ch\/de\/oenotourismus\/#breadcrumb\"},\"inLanguage\":\"de\",\"potentialAction\":[{\"@type\":\"ReadAction\",\"target\":[\"https:\/\/maintenance.orpailleur.ch\/de\/oenotourismus\/\"]}]},{\"@type\":\"BreadcrumbList\",\"@id\":\"https:\/\/maintenance.orpailleur.ch\/de\/oenotourismus\/#breadcrumb\",\"itemListElement\":[{\"@type\":\"ListItem\",\"position\":1,\"name\":\"Accueil\",\"item\":\"https:\/\/maintenance.orpailleur.ch\/de\/\"},{\"@type\":\"ListItem\",\"position\":2,\"name\":\"Oenotourismus\"}]},{\"@type\":\"WebSite\",\"@id\":\"https:\/\/maintenance.orpailleur.ch\/de\/#website\",\"url\":\"https:\/\/maintenance.orpailleur.ch\/de\/\",\"name\":\"Cave l'orpailleur, Fr\u00e9d\u00e9ric Dumoulin, Encaveur\",\"description\":\"L'or de la terre\",\"publisher\":{\"@id\":\"https:\/\/maintenance.orpailleur.ch\/de\/#organization\"},\"potentialAction\":[{\"@type\":\"SearchAction\",\"target\":{\"@type\":\"EntryPoint\",\"urlTemplate\":\"https:\/\/maintenance.orpailleur.ch\/de\/?s={search_term_string}\"},\"query-input\":{\"@type\":\"PropertyValueSpecification\",\"valueRequired\":true,\"valueName\":\"search_term_string\"}}],\"inLanguage\":\"de\"},{\"@type\":\"Organization\",\"@id\":\"https:\/\/maintenance.orpailleur.ch\/de\/#organization\",\"name\":\"Cave l'orpailleur, Fr\u00e9d\u00e9ric Dumoulin, Encaveur\",\"url\":\"https:\/\/maintenance.orpailleur.ch\/de\/\",\"logo\":{\"@type\":\"ImageObject\",\"inLanguage\":\"de\",\"@id\":\"https:\/\/maintenance.orpailleur.ch\/de\/#\/schema\/logo\/image\/\",\"url\":\"https:\/\/maintenance.orpailleur.ch\/wp-content\/uploads\/2020\/06\/LOrpailleur_Logo_Quadri-copy.png\",\"contentUrl\":\"https:\/\/maintenance.orpailleur.ch\/wp-content\/uploads\/2020\/06\/LOrpailleur_Logo_Quadri-copy.png\",\"width\":300,\"height\":134,\"caption\":\"Cave l'orpailleur, Fr\u00e9d\u00e9ric Dumoulin, Encaveur\"},\"image\":{\"@id\":\"https:\/\/maintenance.orpailleur.ch\/de\/#\/schema\/logo\/image\/\"},\"sameAs\":[\"https:\/\/www.facebook.com\/cave.lorpailleur\/\",\"https:\/\/www.instagram.com\/cave_lorpailleur\/\"]}]}<\/script>\n<!-- \/ Yoast SEO plugin. -->","yoast_head_json":{"title":"Oenotourismus - Cave l'orpailleur, Fr\u00e9d\u00e9ric Dumoulin, Encaveur","robots":{"index":"index","follow":"follow","max-snippet":"max-snippet:-1","max-image-preview":"max-image-preview:large","max-video-preview":"max-video-preview:-1"},"canonical":"https:\/\/maintenance.orpailleur.ch\/de\/oenotourismus\/","og_locale":"de_DE","og_type":"article","og_title":"Oenotourismus - Cave l'orpailleur, Fr\u00e9d\u00e9ric Dumoulin, Encaveur","og_description":"[vc_row type=&#8220;full-nopad&#8220; min_height=&#8220;400&#8243; css=&#8220;.vc_custom_1657535570985{margin-right: 0px !important;margin-left: 0px !important;padding-top: 0px !important;padding-right: 0px !important;padding-bottom: 0px !important;padding-left: 0px !important;background-image: url(https:\/\/maintenance.orpailleur.ch\/wp-content\/uploads\/2020\/06\/190918_ORPAILLEUR_0179-1.jpg?id=3628) !important;}&#8220; el_class=&#8220;shop-slider&#8220;][vc_column el_class=&#8220;orpailleur-image-slider-container&#8220;][vc_raw_html el_class=&#8220;orpailleur-slider-container&#8220;]JTNDZGl2JTIwY2xhc3MlM0QlMjJvcnBhaWxsZXVyLXNsaWRlciUyMHNsaWRlci0wMSUyMiUzRSUzQyUyRmRpdiUzRSUwQSUzQ2RpdiUyMGNsYXNzJTNEJTIyb3JwYWlsbGV1ci1zbGlkZXIlMjBzbGlkZXItMDIlMjIlM0UlM0MlMkZkaXYlM0UlMEElM0NkaXYlMjBjbGFzcyUzRCUyMm9ycGFpbGxldXItc2xpZGVyJTIwc2xpZGVyLTAzJTIyJTNFJTNDJTJGZGl2JTNFJTBBJTNDZGl2JTIwY2xhc3MlM0QlMjJvcnBhaWxsZXVyLXNsaWRlciUyMHNsaWRlci0wNCUyMiUzRSUzQyUyRmRpdiUzRSUwQSUzQ2RpdiUyMGNsYXNzJTNEJTIyb3JwYWlsbGV1ci1zbGlkZXIlMjBzbGlkZXItMDUlMjIlM0UlM0MlMkZkaXYlM0U=[\/vc_raw_html][\/vc_column][\/vc_row][vc_row max_width=&#8220;1280&#8243; content_placement=&#8220;middle&#8220;][vc_column width=&#8220;1\/2&#8243; offset=&#8220;vc_col-lg-offset-1 vc_col-lg-4 vc_col-md-offset-1 vc_col-md-4&#8243;][vc_custom_heading text=&#8220;Zusammen das Erlebnis Orpailleur geniessen&#8220; font_container=&#8220;tag:h5|text_align:left&#8220; use_theme_fonts=&#8220;yes&#8220;][\/vc_column][vc_column width=&#8220;1\/3&#8243; offset=&#8220;vc_col-lg-offset-2 vc_col-md-offset-1&#8243;][vc_column_text]Das \u201eGold der Erde\u201c ist ein Package, das Besichtigung und Degustation kombiniert und erm\u00f6glicht, die verschiedenen Orpailleur Weine &hellip;","og_url":"https:\/\/maintenance.orpailleur.ch\/de\/oenotourismus\/","og_site_name":"Cave l'orpailleur, Fr\u00e9d\u00e9ric Dumoulin, Encaveur","article_publisher":"https:\/\/www.facebook.com\/cave.lorpailleur\/","article_modified_time":"2022-11-25T12:15:17+00:00","twitter_card":"summary_large_image","twitter_misc":{"Gesch\u00e4tzte Lesezeit":"3\u00a0Minuten"},"schema":{"@context":"https:\/\/schema.org","@graph":[{"@type":"WebPage","@id":"https:\/\/maintenance.orpailleur.ch\/de\/oenotourismus\/","url":"https:\/\/maintenance.orpailleur.ch\/de\/oenotourismus\/","name":"Oenotourismus - Cave l'orpailleur, Fr\u00e9d\u00e9ric Dumoulin, Encaveur","isPartOf":{"@id":"https:\/\/maintenance.orpailleur.ch\/de\/#website"},"datePublished":"2020-06-30T09:24:07+00:00","dateModified":"2022-11-25T12:15:17+00:00","breadcrumb":{"@id":"https:\/\/maintenance.orpailleur.ch\/de\/oenotourismus\/#breadcrumb"},"inLanguage":"de","potentialAction":[{"@type":"ReadAction","target":["https:\/\/maintenance.orpailleur.ch\/de\/oenotourismus\/"]}]},{"@type":"BreadcrumbList","@id":"https:\/\/maintenance.orpailleur.ch\/de\/oenotourismus\/#breadcrumb","itemListElement":[{"@type":"ListItem","position":1,"name":"Accueil","item":"https:\/\/maintenance.orpailleur.ch\/de\/"},{"@type":"ListItem","position":2,"name":"Oenotourismus"}]},{"@type":"WebSite","@id":"https:\/\/maintenance.orpailleur.ch\/de\/#website","url":"https:\/\/maintenance.orpailleur.ch\/de\/","name":"Cave l'orpailleur, Fr\u00e9d\u00e9ric Dumoulin, Encaveur","description":"L'or de la terre","publisher":{"@id":"https:\/\/maintenance.orpailleur.ch\/de\/#organization"},"potentialAction":[{"@type":"SearchAction","target":{"@type":"EntryPoint","urlTemplate":"https:\/\/maintenance.orpailleur.ch\/de\/?s={search_term_string}"},"query-input":{"@type":"PropertyValueSpecification","valueRequired":true,"valueName":"search_term_string"}}],"inLanguage":"de"},{"@type":"Organization","@id":"https:\/\/maintenance.orpailleur.ch\/de\/#organization","name":"Cave l'orpailleur, Fr\u00e9d\u00e9ric Dumoulin, Encaveur","url":"https:\/\/maintenance.orpailleur.ch\/de\/","logo":{"@type":"ImageObject","inLanguage":"de","@id":"https:\/\/maintenance.orpailleur.ch\/de\/#\/schema\/logo\/image\/","url":"https:\/\/maintenance.orpailleur.ch\/wp-content\/uploads\/2020\/06\/LOrpailleur_Logo_Quadri-copy.png","contentUrl":"https:\/\/maintenance.orpailleur.ch\/wp-content\/uploads\/2020\/06\/LOrpailleur_Logo_Quadri-copy.png","width":300,"height":134,"caption":"Cave l'orpailleur, Fr\u00e9d\u00e9ric Dumoulin, Encaveur"},"image":{"@id":"https:\/\/maintenance.orpailleur.ch\/de\/#\/schema\/logo\/image\/"},"sameAs":["https:\/\/www.facebook.com\/cave.lorpailleur\/","https:\/\/www.instagram.com\/cave_lorpailleur\/"]}]}},"_links":{"self":[{"href":"https:\/\/maintenance.orpailleur.ch\/de\/wp-json\/wp\/v2\/pages\/3803","targetHints":{"allow":["GET"]}}],"collection":[{"href":"https:\/\/maintenance.orpailleur.ch\/de\/wp-json\/wp\/v2\/pages"}],"about":[{"href":"https:\/\/maintenance.orpailleur.ch\/de\/wp-json\/wp\/v2\/types\/page"}],"author":[{"embeddable":true,"href":"https:\/\/maintenance.orpailleur.ch\/de\/wp-json\/wp\/v2\/users\/1"}],"replies":[{"embeddable":true,"href":"https:\/\/maintenance.orpailleur.ch\/de\/wp-json\/wp\/v2\/comments?post=3803"}],"version-history":[{"count":13,"href":"https:\/\/maintenance.orpailleur.ch\/de\/wp-json\/wp\/v2\/pages\/3803\/revisions"}],"predecessor-version":[{"id":10654,"href":"https:\/\/maintenance.orpailleur.ch\/de\/wp-json\/wp\/v2\/pages\/3803\/revisions\/10654"}],"wp:attachment":[{"href":"https:\/\/maintenance.orpailleur.ch\/de\/wp-json\/wp\/v2\/media?parent=3803"}],"curies":[{"name":"wp","href":"https:\/\/api.w.org\/{rel}","templated":true}]}}