{"id":3688,"date":"2020-06-09T06:41:14","date_gmt":"2020-06-09T06:41:14","guid":{"rendered":"https:\/\/maintenance.orpailleur.ch\/equipe\/"},"modified":"2024-01-16T17:25:45","modified_gmt":"2024-01-16T16:25:45","slug":"equipe","status":"publish","type":"page","link":"https:\/\/maintenance.orpailleur.ch\/de\/equipe\/","title":{"rendered":"Teamarbeit"},"content":{"rendered":"<div class=\"wpb-content-wrapper\"><p>[vc_row type=&#8220;full-nopad&#8220; css=&#8220;.vc_custom_1591238375225{margin-right: 0px !important;margin-left: 0px !important;padding-top: 0px !important;padding-right: 0px !important;padding-bottom: 0px !important;padding-left: 0px !important;}&#8220;][vc_column el_class=&#8220;orpailleur-image-slider-container&#8220;][vc_raw_html el_class=&#8220;orpailleur-slider-container&#8220;]JTNDZGl2JTIwY2xhc3MlM0QlMjJvcnBhaWxsZXVyLXNsaWRlciUyMHNsaWRlci0wMSUyMiUzRSUzQyUyRmRpdiUzRSUwQSUzQ2RpdiUyMGNsYXNzJTNEJTIyb3JwYWlsbGV1ci1zbGlkZXIlMjBzbGlkZXItMDIlMjIlM0UlM0MlMkZkaXYlM0UlMEElM0NkaXYlMjBjbGFzcyUzRCUyMm9ycGFpbGxldXItc2xpZGVyJTIwc2xpZGVyLTAzJTIyJTNFJTNDJTJGZGl2JTNFJTBBJTNDZGl2JTIwY2xhc3MlM0QlMjJvcnBhaWxsZXVyLXNsaWRlciUyMHNsaWRlci0wNCUyMiUzRSUzQyUyRmRpdiUzRSUwQSUzQ2RpdiUyMGNsYXNzJTNEJTIyb3JwYWlsbGV1ci1zbGlkZXIlMjBzbGlkZXItMDUlMjIlM0UlM0MlMkZkaXYlM0U=[\/vc_raw_html][\/vc_column][\/vc_row][vc_row max_width=&#8220;1224&#8243;][vc_column][vc_custom_heading text=&#8220;Der Wein ist ein urmenschliches Abenteuer, das Resultat von Teamarbeit. Der Zusammenhalt, die gute Laune sowie die Liebe zur Arbeit verleihen dem Wein dieses gewisse Etwas.&#8220; font_container=&#8220;tag:h5|text_align:center|color:%238d7434&#8243; use_theme_fonts=&#8220;yes&#8220;][\/vc_column][\/vc_row][vc_row max_width=&#8220;1280&#8243; equal_height=&#8220;yes&#8220; content_placement=&#8220;middle&#8220;][vc_column width=&#8220;1\/3&#8243;][vc_custom_heading text=&#8220;Markus&#8220; font_container=&#8220;tag:h5|text_align:left&#8220; use_theme_fonts=&#8220;yes&#8220;][vc_column_text]Nach einem Karriereabschnitt als Lehrer in Bern verabschiedete sich Markus von seinen Sch\u00fclern, liess sich in Changins zum Oenologen FHS ausbilden um fortan seine Leidenschaft zum Wein zu leben. Nach Praktika rund um den Globus hat er seine Koffer schliesslich im Wallis abgestellt und k\u00fcmmert sich seit einigen Jahren um die \u201eErziehung\u201c unserer Weine. Grosser Liebhaber von gebrannten Wassern und vielsprachig, bleibt er selten eine Antwort schuldig, selbst auf die gewagtesten Fragen.[\/vc_column_text][\/vc_column][vc_column width=&#8220;2\/3&#8243; el_class=&#8220;btn-bottom-left has-btn&#8220;][vc_single_image image=&#8220;3565&#8243; img_size=&#8220;full&#8220; el_class=&#8220;img-not-blur img-has-color&#8220;][\/vc_column][\/vc_row][vc_row max_width=&#8220;1280&#8243; equal_height=&#8220;yes&#8220; content_placement=&#8220;top&#8220; el_class=&#8220;img-has-color img-not-blur&#8220;][vc_column width=&#8220;1\/4&#8243; css=&#8220;.vc_custom_1589958719066{margin-top: 50px !important;}&#8220;][vc_custom_heading text=&#8220;St\u00e9phane&#8220; font_container=&#8220;tag:h5|text_align:left&#8220; use_theme_fonts=&#8220;yes&#8220;][vc_column_text]Unser Rauhbein aus Chamoson versichert uns auf einem seiner Tattoos er sei \u201eborn to die\u201c. Er ist der Herrscher \u00fcber 27 Hektaren Reben, die er von fr\u00fchmorgens bis sp\u00e4tabends hegt und pflegt.<br \/>\nRaupenfahrzeug \u2013 Pilot, Metallschlosser, Schweisser, er kann vieles, kann aber auch nein sagen. Wenn er von der Arbeit in den Reben m\u00fcde ist, erholt er sich auf Bergwanderungen zusammen mit seinem Hund.<br \/>\nNicht ein Wolf im Schafspelz, sondern eben einer in einem Wolfspelz.[\/vc_column_text][\/vc_column][vc_column width=&#8220;3\/4&#8243;][vc_single_image image=&#8220;3567&#8243; img_size=&#8220;full&#8220;][\/vc_column][\/vc_row][vc_row type=&#8220;full-nopad&#8220; css=&#8220;.vc_custom_1591087488175{padding-top: 0px !important;}&#8220; el_class=&#8220;orpailleur-banner&#8220;][vc_column]\r\n\t\t\t<div class=\"nm-banner content-full image-type-fluid text-color-light subtitle-below\" style=\"\"><img fetchpriority=\"high\" decoding=\"async\" src=\"https:\/\/maintenance.orpailleur.ch\/wp-content\/uploads\/2020\/06\/bouteilles-banner.jpg\" width=\"2000\" height=\"750\" alt=\"bouteilles-banner\" \/>\r\n\t\t\t<\/div>[\/vc_column][\/vc_row][vc_row max_width=&#8220;1280&#8243; equal_height=&#8220;yes&#8220; content_placement=&#8220;middle&#8220;][vc_column width=&#8220;1\/3&#8243;][vc_custom_heading text=&#8220;Herv\u00e9&#8220; font_container=&#8220;tag:h5|text_align:left&#8220; use_theme_fonts=&#8220;yes&#8220;][vc_column_text]Sein markanter Schnauz unterstreicht ein verschmitztes L\u00e4cheln, das sich auch in seinen Augenwinkeln ablesen l\u00e4sst.<br \/>\nEin herausragender Winzer , mit dem gesunden Bauernverstand und der Schlagfertigkeit der Leute aus Saxon. Dieses Dorf ist die Heimat der unbezwingbaren Ur-Walliser, die zuweilen auch Fr\u00fcchte und Gem\u00fcse auf die Strasse kippen, um ihren Anliegen Nachdruck zu verleihen. Als Liebhaber von sowohl Rot- als auch Weissweinen ist er ein geselliger und witziger Ap\u00e9ro &#8211; Genosse.<br \/>\n[\/vc_column_text][\/vc_column][vc_column width=&#8220;2\/3&#8243; el_class=&#8220;btn-bottom-left has-btn&#8220;][vc_single_image image=&#8220;3569&#8243; img_size=&#8220;full&#8220; el_class=&#8220;img-not-blur img-has-color&#8220;][\/vc_column][\/vc_row][vc_row max_width=&#8220;1280&#8243; equal_height=&#8220;yes&#8220; content_placement=&#8220;middle&#8220;][vc_column width=&#8220;2\/3&#8243; el_class=&#8220;btn-top-left has-btn&#8220;][vc_single_image image=&#8220;3571&#8243; img_size=&#8220;full&#8220; el_class=&#8220;img-not-blur img-has-color&#8220;][\/vc_column][vc_column width=&#8220;1\/3&#8243;][vc_custom_heading text=&#8220;Alessandro&#8220; font_container=&#8220;tag:h5|text_align:left&#8220; use_theme_fonts=&#8220;yes&#8220;][vc_column_text]In die Reben und den Wein ist er buchst\u00e4blich schon als Kind gefallen. Aus Italien stammend, ist er inzwischen ein Walliser Winzer mit Haut und Haaren. Selbst\u00e4ndig von klein auf, arbeitet er tags\u00fcber in unseren Rebbergen und k\u00fcmmert sich dann abends und sonntags um seine eigenen Reben. Zur\u00fcckhaltend und fleissig, begeistert er sich f\u00fcr den Motorrad Rennsport und seine zwei kleinen T\u00f6chter. F\u00fcr ihn gibt es nie genug Brot zur Mahlzeit\u2026.[\/vc_column_text][\/vc_column][\/vc_row][vc_row max_width=&#8220;1280&#8243; equal_height=&#8220;yes&#8220; content_placement=&#8220;middle&#8220; el_class=&#8220;img-unsymmetrical&#8220;][vc_column width=&#8220;1\/3&#8243;][vc_single_image image=&#8220;3572&#8243; img_size=&#8220;full&#8220; el_class=&#8220;img-not-blur img-has-color&#8220;][\/vc_column][vc_column width=&#8220;1\/3&#8243; el_class=&#8220;btn-bottom-left has-btn&#8220;][vc_single_image image=&#8220;3573&#8243; img_size=&#8220;full&#8220; el_class=&#8220;img-not-blur img-has-color&#8220;][\/vc_column][vc_column width=&#8220;1\/3&#8243;][vc_single_image image=&#8220;3574&#8243; img_size=&#8220;full&#8220; el_class=&#8220;img-not-blur img-has-color&#8220;][\/vc_column][\/vc_row][vc_row max_width=&#8220;1280&#8243; equal_height=&#8220;yes&#8220; content_placement=&#8220;middle&#8220; css=&#8220;.vc_custom_1591686410981{padding-top: 0px !important;}&#8220;][vc_column][vc_custom_heading text=&#8220;Ana, Lucille et Elisabete&#8220; font_container=&#8220;tag:h5|text_align:left&#8220; use_theme_fonts=&#8220;yes&#8220;][vc_column_text]Unsere drei Portugiesinnen, zwei davon durch Familienbande verkn\u00fcpft, sind langj\u00e4hrige, treue Mitarbeiterinnen. In den Reben, bei der Abf\u00fcllung, im Lager, sie kennen das Unternehmen von Grund auf und sind stets da um anzupacken. Da die Arbeitstage zu kurz sind, um sich alles zu erz\u00e4hlen, treffen sie sich oft auch am Sonntag. Sie sind oft das Ziel von Alessandros Sp\u00e4ssen, sind jedoch nie um eine Antwort verlegen.[\/vc_column_text][\/vc_column][\/vc_row][vc_row max_width=&#8220;1280&#8243; equal_height=&#8220;yes&#8220; content_placement=&#8220;middle&#8220;][vc_column width=&#8220;2\/3&#8243; el_class=&#8220;btn-top-left has-btn&#8220;][vc_single_image image=&#8220;3575&#8243; img_size=&#8220;full&#8220; el_class=&#8220;img-not-blur img-has-color&#8220;][\/vc_column][vc_column width=&#8220;1\/3&#8243;][vc_custom_heading text=&#8220;Christine&#8220; font_container=&#8220;tag:h5|text_align:left&#8220; use_theme_fonts=&#8220;yes&#8220;][vc_column_text]Sanftheit, Freundlichkeit und Diskretion sind die Merkmale unserer Buchhalterin\/Sekret\u00e4rin. Immer auf dem Laufenden \u00fcber alles im Unternehmen, ist sie die einzige Angestellte, die mit dem Chef per Sie verkehrt. Ihr Hobby ist das Stricken und sie geht mit den Zahlen um wie mit ihren Stricknadeln, mit Schwung und \u00dcberzeugung. Sie ist auch ein bisschen die Mutter der Equipe, die Christine ihr Herz aussch\u00fctten und ihren guten Rat sehr sch\u00e4tzen. [\/vc_column_text][\/vc_column][\/vc_row][vc_row max_width=&#8220;1280&#8243; equal_height=&#8220;yes&#8220; content_placement=&#8220;middle&#8220;][vc_column width=&#8220;2\/3&#8243; el_class=&#8220;btn-top-left has-btn&#8220;][vc_single_image image=&#8220;3577&#8243; img_size=&#8220;full&#8220; el_class=&#8220;img-not-blur img-has-color&#8220;][\/vc_column][vc_column width=&#8220;1\/3&#8243;][vc_custom_heading text=&#8220;David&#8220; font_container=&#8220;tag:h5|text_align:left&#8220; use_theme_fonts=&#8220;yes&#8220;][vc_column_text]Der Verk\u00e4ufer um den uns alle Kollegen beneiden. Als kleiner Bruder vom Chef, gutaussehend, sympathisch und entgegenkommend, verk\u00f6rpert er unsere Kellerei und unsere Weine aufs Beste und verkauft letztere quasi nebenbei. Stets l\u00e4chelnd und charmant, hat er viele Qualit\u00e4ten und ist auch mit einem feinen Gaumen und einem grossen Magen ausgestattet. Er propagiert unsere Weine und geht gleich mit dem guten Beispiel voran. Hat die Herzen von vielen Serviert\u00f6chtern gebrochen als er seine Hochzeit ank\u00fcndete\u2026. [\/vc_column_text][\/vc_column][\/vc_row][vc_row type=&#8220;full-nopad&#8220; css=&#8220;.vc_custom_1591087488175{padding-top: 0px !important;}&#8220; el_class=&#8220;orpailleur-banner&#8220;][vc_column]\r\n\t\t\t<div class=\"nm-banner content-full image-type-fluid text-color-light subtitle-below\" style=\"\"><img decoding=\"async\" src=\"https:\/\/maintenance.orpailleur.ch\/wp-content\/uploads\/2020\/06\/vignes-banner.jpg\" width=\"2000\" height=\"750\" alt=\"vignes-banner\" \/>\r\n\t\t\t\t<div class=\"nm-banner-content\">\r\n\t\t\t\t\t<div class=\"nm-banner-content-inner h_left v_top align_left\">\r\n\t\t\t\t\t\t<div class=\"nm-banner-text medium\" style=\"\">\r\n\t\t\t\t\t\t\t<div class=\"nm-banner-text-inner\"><h1 class=\"nm-banner-title\">Das sch\u00f6nste Bureau<\/h1><\/div>\r\n\t\t\t\t\t\t<\/div>\r\n\t\t\t\t\t<\/div>\r\n\t\t\t\t<\/div>\r\n\t\t\t<\/div>[\/vc_column][\/vc_row][vc_row max_width=&#8220;1280&#8243; equal_height=&#8220;yes&#8220; content_placement=&#8220;middle&#8220;][vc_column width=&#8220;2\/3&#8243; el_class=&#8220;btn-top-left has-btn&#8220;][vc_single_image image=&#8220;3580&#8243; img_size=&#8220;full&#8220; el_class=&#8220;img-not-blur img-has-color&#8220;][\/vc_column][vc_column width=&#8220;1\/3&#8243;][vc_custom_heading text=&#8220;Fr\u00e9d\u00e9ric&#8220; font_container=&#8220;tag:h5|text_align:left&#8220; use_theme_fonts=&#8220;yes&#8220;][vc_column_text]Der Big Boss des Unternehmens! Man weiss gar nicht was er eigentlich macht, da er weder Gummistiefel noch Nagelschuhe anzieht, was aber sicher ist, dass MAN es erledigen wird! Witzig und von Natur aus unerschrocken, je nach Situation auch waghalsig, haben ihn alle ins Herz geschlossen. Ein Chef, der f\u00fcr vieles offen ist und dem es nie an Zuversicht mangelt, ein Gourmet und Geniesser mit einer kampferprobten Leber, gl\u00e4nzt er auch in weiteren Rollen, z Bsp \u201eTop Chef\u201c, \u201eBig Brother\u201c oder \u201eChef Undercover\u201c\u2026[\/vc_column_text][\/vc_column][\/vc_row][vc_row type=&#8220;full-nopad&#8220; equal_height=&#8220;yes&#8220; content_placement=&#8220;middle&#8220; el_class=&#8220;img-not-blur half-content-right&#8220;][vc_column offset=&#8220;vc_col-lg-7 vc_col-md-7&#8243;][vc_single_image image=&#8220;3581&#8243; img_size=&#8220;full&#8220; el_class=&#8220;img-has-color&#8220;][\/vc_column][vc_column offset=&#8220;vc_col-lg-5 vc_col-md-5&#8243;][vc_single_image image=&#8220;3582&#8243; img_size=&#8220;full&#8220; el_class=&#8220;img-has-color&#8220;][\/vc_column][\/vc_row][vc_row][vc_column][\/vc_column][\/vc_row]<\/p>\n<\/div>","protected":false},"excerpt":{"rendered":"<p>[vc_row type=&#8220;full-nopad&#8220; css=&#8220;.vc_custom_1591238375225{margin-right: 0px !important;margin-left: 0px !important;padding-top: 0px !important;padding-right: 0px !important;padding-bottom: 0px !important;padding-left: 0px !important;}&#8220;][vc_column el_class=&#8220;orpailleur-image-slider-container&#8220;][vc_raw_html el_class=&#8220;orpailleur-slider-container&#8220;]JTNDZGl2JTIwY2xhc3MlM0QlMjJvcnBhaWxsZXVyLXNsaWRlciUyMHNsaWRlci0wMSUyMiUzRSUzQyUyRmRpdiUzRSUwQSUzQ2RpdiUyMGNsYXNzJTNEJTIyb3JwYWlsbGV1ci1zbGlkZXIlMjBzbGlkZXItMDIlMjIlM0UlM0MlMkZkaXYlM0UlMEElM0NkaXYlMjBjbGFzcyUzRCUyMm9ycGFpbGxldXItc2xpZGVyJTIwc2xpZGVyLTAzJTIyJTNFJTNDJTJGZGl2JTNFJTBBJTNDZGl2JTIwY2xhc3MlM0QlMjJvcnBhaWxsZXVyLXNsaWRlciUyMHNsaWRlci0wNCUyMiUzRSUzQyUyRmRpdiUzRSUwQSUzQ2RpdiUyMGNsYXNzJTNEJTIyb3JwYWlsbGV1ci1zbGlkZXIlMjBzbGlkZXItMDUlMjIlM0UlM0MlMkZkaXYlM0U=[\/vc_raw_html][\/vc_column][\/vc_row][vc_row max_width=&#8220;1224&#8243;][vc_column][vc_custom_heading text=&#8220;Der Wein ist ein urmenschliches Abenteuer, das Resultat von Teamarbeit. Der Zusammenhalt, die gute Laune sowie die Liebe zur Arbeit verleihen dem Wein dieses gewisse Etwas.&#8220; font_container=&#8220;tag:h5|text_align:center|color:%238d7434&#8243; use_theme_fonts=&#8220;yes&#8220;][\/vc_column][\/vc_row][vc_row max_width=&#8220;1280&#8243; equal_height=&#8220;yes&#8220; content_placement=&#8220;middle&#8220;][vc_column width=&#8220;1\/3&#8243;][vc_custom_heading text=&#8220;Markus&#8220; font_container=&#8220;tag:h5|text_align:left&#8220; use_theme_fonts=&#8220;yes&#8220;][vc_column_text]Nach einem Karriereabschnitt &hellip;<\/p>\n","protected":false},"author":1,"featured_media":0,"parent":0,"menu_order":0,"comment_status":"closed","ping_status":"closed","template":"templates\/page-full.php","meta":{"footnotes":""},"class_list":["post-3688","page","type-page","status-publish","hentry"],"yoast_head":"<!-- This site is optimized with the Yoast SEO plugin v25.8 - https:\/\/yoast.com\/wordpress\/plugins\/seo\/ -->\n<title>Teamarbeit - Cave l&#039;orpailleur, Fr\u00e9d\u00e9ric Dumoulin, Encaveur<\/title>\n<meta name=\"robots\" content=\"index, follow, max-snippet:-1, max-image-preview:large, max-video-preview:-1\" \/>\n<link rel=\"canonical\" href=\"https:\/\/maintenance.orpailleur.ch\/de\/equipe\/\" \/>\n<meta property=\"og:locale\" content=\"de_DE\" \/>\n<meta property=\"og:type\" content=\"article\" \/>\n<meta property=\"og:title\" content=\"Teamarbeit - Cave l&#039;orpailleur, Fr\u00e9d\u00e9ric Dumoulin, Encaveur\" \/>\n<meta property=\"og:description\" content=\"[vc_row type=&#8220;full-nopad&#8220; css=&#8220;.vc_custom_1591238375225{margin-right: 0px !important;margin-left: 0px !important;padding-top: 0px !important;padding-right: 0px !important;padding-bottom: 0px !important;padding-left: 0px !important;}&#8220;][vc_column el_class=&#8220;orpailleur-image-slider-container&#8220;][vc_raw_html el_class=&#8220;orpailleur-slider-container&#8220;]JTNDZGl2JTIwY2xhc3MlM0QlMjJvcnBhaWxsZXVyLXNsaWRlciUyMHNsaWRlci0wMSUyMiUzRSUzQyUyRmRpdiUzRSUwQSUzQ2RpdiUyMGNsYXNzJTNEJTIyb3JwYWlsbGV1ci1zbGlkZXIlMjBzbGlkZXItMDIlMjIlM0UlM0MlMkZkaXYlM0UlMEElM0NkaXYlMjBjbGFzcyUzRCUyMm9ycGFpbGxldXItc2xpZGVyJTIwc2xpZGVyLTAzJTIyJTNFJTNDJTJGZGl2JTNFJTBBJTNDZGl2JTIwY2xhc3MlM0QlMjJvcnBhaWxsZXVyLXNsaWRlciUyMHNsaWRlci0wNCUyMiUzRSUzQyUyRmRpdiUzRSUwQSUzQ2RpdiUyMGNsYXNzJTNEJTIyb3JwYWlsbGV1ci1zbGlkZXIlMjBzbGlkZXItMDUlMjIlM0UlM0MlMkZkaXYlM0U=[\/vc_raw_html][\/vc_column][\/vc_row][vc_row max_width=&#8220;1224&#8243;][vc_column][vc_custom_heading text=&#8220;Der Wein ist ein urmenschliches Abenteuer, das Resultat von Teamarbeit. Der Zusammenhalt, die gute Laune sowie die Liebe zur Arbeit verleihen dem Wein dieses gewisse Etwas.&#8220; font_container=&#8220;tag:h5|text_align:center|color:%238d7434&#8243; use_theme_fonts=&#8220;yes&#8220;][\/vc_column][\/vc_row][vc_row max_width=&#8220;1280&#8243; equal_height=&#8220;yes&#8220; content_placement=&#8220;middle&#8220;][vc_column width=&#8220;1\/3&#8243;][vc_custom_heading text=&#8220;Markus&#8220; font_container=&#8220;tag:h5|text_align:left&#8220; use_theme_fonts=&#8220;yes&#8220;][vc_column_text]Nach einem Karriereabschnitt &hellip;\" \/>\n<meta property=\"og:url\" content=\"https:\/\/maintenance.orpailleur.ch\/de\/equipe\/\" \/>\n<meta property=\"og:site_name\" content=\"Cave l&#039;orpailleur, Fr\u00e9d\u00e9ric Dumoulin, Encaveur\" \/>\n<meta property=\"article:publisher\" content=\"https:\/\/www.facebook.com\/cave.lorpailleur\/\" \/>\n<meta property=\"article:modified_time\" content=\"2024-01-16T16:25:45+00:00\" \/>\n<meta name=\"twitter:card\" content=\"summary_large_image\" \/>\n<meta name=\"twitter:label1\" content=\"Gesch\u00e4tzte Lesezeit\" \/>\n\t<meta name=\"twitter:data1\" content=\"7\u00a0Minuten\" \/>\n<script type=\"application\/ld+json\" class=\"yoast-schema-graph\">{\"@context\":\"https:\/\/schema.org\",\"@graph\":[{\"@type\":\"WebPage\",\"@id\":\"https:\/\/maintenance.orpailleur.ch\/de\/equipe\/\",\"url\":\"https:\/\/maintenance.orpailleur.ch\/de\/equipe\/\",\"name\":\"Teamarbeit - Cave l'orpailleur, Fr\u00e9d\u00e9ric Dumoulin, Encaveur\",\"isPartOf\":{\"@id\":\"https:\/\/maintenance.orpailleur.ch\/de\/#website\"},\"datePublished\":\"2020-06-09T06:41:14+00:00\",\"dateModified\":\"2024-01-16T16:25:45+00:00\",\"breadcrumb\":{\"@id\":\"https:\/\/maintenance.orpailleur.ch\/de\/equipe\/#breadcrumb\"},\"inLanguage\":\"de\",\"potentialAction\":[{\"@type\":\"ReadAction\",\"target\":[\"https:\/\/maintenance.orpailleur.ch\/de\/equipe\/\"]}]},{\"@type\":\"BreadcrumbList\",\"@id\":\"https:\/\/maintenance.orpailleur.ch\/de\/equipe\/#breadcrumb\",\"itemListElement\":[{\"@type\":\"ListItem\",\"position\":1,\"name\":\"Accueil\",\"item\":\"https:\/\/maintenance.orpailleur.ch\/de\/\"},{\"@type\":\"ListItem\",\"position\":2,\"name\":\"Teamarbeit\"}]},{\"@type\":\"WebSite\",\"@id\":\"https:\/\/maintenance.orpailleur.ch\/de\/#website\",\"url\":\"https:\/\/maintenance.orpailleur.ch\/de\/\",\"name\":\"Cave l'orpailleur, Fr\u00e9d\u00e9ric Dumoulin, Encaveur\",\"description\":\"L'or de la terre\",\"publisher\":{\"@id\":\"https:\/\/maintenance.orpailleur.ch\/de\/#organization\"},\"potentialAction\":[{\"@type\":\"SearchAction\",\"target\":{\"@type\":\"EntryPoint\",\"urlTemplate\":\"https:\/\/maintenance.orpailleur.ch\/de\/?s={search_term_string}\"},\"query-input\":{\"@type\":\"PropertyValueSpecification\",\"valueRequired\":true,\"valueName\":\"search_term_string\"}}],\"inLanguage\":\"de\"},{\"@type\":\"Organization\",\"@id\":\"https:\/\/maintenance.orpailleur.ch\/de\/#organization\",\"name\":\"Cave l'orpailleur, Fr\u00e9d\u00e9ric Dumoulin, Encaveur\",\"url\":\"https:\/\/maintenance.orpailleur.ch\/de\/\",\"logo\":{\"@type\":\"ImageObject\",\"inLanguage\":\"de\",\"@id\":\"https:\/\/maintenance.orpailleur.ch\/de\/#\/schema\/logo\/image\/\",\"url\":\"https:\/\/maintenance.orpailleur.ch\/wp-content\/uploads\/2020\/06\/LOrpailleur_Logo_Quadri-copy.png\",\"contentUrl\":\"https:\/\/maintenance.orpailleur.ch\/wp-content\/uploads\/2020\/06\/LOrpailleur_Logo_Quadri-copy.png\",\"width\":300,\"height\":134,\"caption\":\"Cave l'orpailleur, Fr\u00e9d\u00e9ric Dumoulin, Encaveur\"},\"image\":{\"@id\":\"https:\/\/maintenance.orpailleur.ch\/de\/#\/schema\/logo\/image\/\"},\"sameAs\":[\"https:\/\/www.facebook.com\/cave.lorpailleur\/\",\"https:\/\/www.instagram.com\/cave_lorpailleur\/\"]}]}<\/script>\n<!-- \/ Yoast SEO plugin. -->","yoast_head_json":{"title":"Teamarbeit - Cave l'orpailleur, Fr\u00e9d\u00e9ric Dumoulin, Encaveur","robots":{"index":"index","follow":"follow","max-snippet":"max-snippet:-1","max-image-preview":"max-image-preview:large","max-video-preview":"max-video-preview:-1"},"canonical":"https:\/\/maintenance.orpailleur.ch\/de\/equipe\/","og_locale":"de_DE","og_type":"article","og_title":"Teamarbeit - Cave l'orpailleur, Fr\u00e9d\u00e9ric Dumoulin, Encaveur","og_description":"[vc_row type=&#8220;full-nopad&#8220; css=&#8220;.vc_custom_1591238375225{margin-right: 0px !important;margin-left: 0px !important;padding-top: 0px !important;padding-right: 0px !important;padding-bottom: 0px !important;padding-left: 0px !important;}&#8220;][vc_column el_class=&#8220;orpailleur-image-slider-container&#8220;][vc_raw_html el_class=&#8220;orpailleur-slider-container&#8220;]JTNDZGl2JTIwY2xhc3MlM0QlMjJvcnBhaWxsZXVyLXNsaWRlciUyMHNsaWRlci0wMSUyMiUzRSUzQyUyRmRpdiUzRSUwQSUzQ2RpdiUyMGNsYXNzJTNEJTIyb3JwYWlsbGV1ci1zbGlkZXIlMjBzbGlkZXItMDIlMjIlM0UlM0MlMkZkaXYlM0UlMEElM0NkaXYlMjBjbGFzcyUzRCUyMm9ycGFpbGxldXItc2xpZGVyJTIwc2xpZGVyLTAzJTIyJTNFJTNDJTJGZGl2JTNFJTBBJTNDZGl2JTIwY2xhc3MlM0QlMjJvcnBhaWxsZXVyLXNsaWRlciUyMHNsaWRlci0wNCUyMiUzRSUzQyUyRmRpdiUzRSUwQSUzQ2RpdiUyMGNsYXNzJTNEJTIyb3JwYWlsbGV1ci1zbGlkZXIlMjBzbGlkZXItMDUlMjIlM0UlM0MlMkZkaXYlM0U=[\/vc_raw_html][\/vc_column][\/vc_row][vc_row max_width=&#8220;1224&#8243;][vc_column][vc_custom_heading text=&#8220;Der Wein ist ein urmenschliches Abenteuer, das Resultat von Teamarbeit. Der Zusammenhalt, die gute Laune sowie die Liebe zur Arbeit verleihen dem Wein dieses gewisse Etwas.&#8220; font_container=&#8220;tag:h5|text_align:center|color:%238d7434&#8243; use_theme_fonts=&#8220;yes&#8220;][\/vc_column][\/vc_row][vc_row max_width=&#8220;1280&#8243; equal_height=&#8220;yes&#8220; content_placement=&#8220;middle&#8220;][vc_column width=&#8220;1\/3&#8243;][vc_custom_heading text=&#8220;Markus&#8220; font_container=&#8220;tag:h5|text_align:left&#8220; use_theme_fonts=&#8220;yes&#8220;][vc_column_text]Nach einem Karriereabschnitt &hellip;","og_url":"https:\/\/maintenance.orpailleur.ch\/de\/equipe\/","og_site_name":"Cave l'orpailleur, Fr\u00e9d\u00e9ric Dumoulin, Encaveur","article_publisher":"https:\/\/www.facebook.com\/cave.lorpailleur\/","article_modified_time":"2024-01-16T16:25:45+00:00","twitter_card":"summary_large_image","twitter_misc":{"Gesch\u00e4tzte Lesezeit":"7\u00a0Minuten"},"schema":{"@context":"https:\/\/schema.org","@graph":[{"@type":"WebPage","@id":"https:\/\/maintenance.orpailleur.ch\/de\/equipe\/","url":"https:\/\/maintenance.orpailleur.ch\/de\/equipe\/","name":"Teamarbeit - Cave l'orpailleur, Fr\u00e9d\u00e9ric Dumoulin, Encaveur","isPartOf":{"@id":"https:\/\/maintenance.orpailleur.ch\/de\/#website"},"datePublished":"2020-06-09T06:41:14+00:00","dateModified":"2024-01-16T16:25:45+00:00","breadcrumb":{"@id":"https:\/\/maintenance.orpailleur.ch\/de\/equipe\/#breadcrumb"},"inLanguage":"de","potentialAction":[{"@type":"ReadAction","target":["https:\/\/maintenance.orpailleur.ch\/de\/equipe\/"]}]},{"@type":"BreadcrumbList","@id":"https:\/\/maintenance.orpailleur.ch\/de\/equipe\/#breadcrumb","itemListElement":[{"@type":"ListItem","position":1,"name":"Accueil","item":"https:\/\/maintenance.orpailleur.ch\/de\/"},{"@type":"ListItem","position":2,"name":"Teamarbeit"}]},{"@type":"WebSite","@id":"https:\/\/maintenance.orpailleur.ch\/de\/#website","url":"https:\/\/maintenance.orpailleur.ch\/de\/","name":"Cave l'orpailleur, Fr\u00e9d\u00e9ric Dumoulin, Encaveur","description":"L'or de la terre","publisher":{"@id":"https:\/\/maintenance.orpailleur.ch\/de\/#organization"},"potentialAction":[{"@type":"SearchAction","target":{"@type":"EntryPoint","urlTemplate":"https:\/\/maintenance.orpailleur.ch\/de\/?s={search_term_string}"},"query-input":{"@type":"PropertyValueSpecification","valueRequired":true,"valueName":"search_term_string"}}],"inLanguage":"de"},{"@type":"Organization","@id":"https:\/\/maintenance.orpailleur.ch\/de\/#organization","name":"Cave l'orpailleur, Fr\u00e9d\u00e9ric Dumoulin, Encaveur","url":"https:\/\/maintenance.orpailleur.ch\/de\/","logo":{"@type":"ImageObject","inLanguage":"de","@id":"https:\/\/maintenance.orpailleur.ch\/de\/#\/schema\/logo\/image\/","url":"https:\/\/maintenance.orpailleur.ch\/wp-content\/uploads\/2020\/06\/LOrpailleur_Logo_Quadri-copy.png","contentUrl":"https:\/\/maintenance.orpailleur.ch\/wp-content\/uploads\/2020\/06\/LOrpailleur_Logo_Quadri-copy.png","width":300,"height":134,"caption":"Cave l'orpailleur, Fr\u00e9d\u00e9ric Dumoulin, Encaveur"},"image":{"@id":"https:\/\/maintenance.orpailleur.ch\/de\/#\/schema\/logo\/image\/"},"sameAs":["https:\/\/www.facebook.com\/cave.lorpailleur\/","https:\/\/www.instagram.com\/cave_lorpailleur\/"]}]}},"_links":{"self":[{"href":"https:\/\/maintenance.orpailleur.ch\/de\/wp-json\/wp\/v2\/pages\/3688","targetHints":{"allow":["GET"]}}],"collection":[{"href":"https:\/\/maintenance.orpailleur.ch\/de\/wp-json\/wp\/v2\/pages"}],"about":[{"href":"https:\/\/maintenance.orpailleur.ch\/de\/wp-json\/wp\/v2\/types\/page"}],"author":[{"embeddable":true,"href":"https:\/\/maintenance.orpailleur.ch\/de\/wp-json\/wp\/v2\/users\/1"}],"replies":[{"embeddable":true,"href":"https:\/\/maintenance.orpailleur.ch\/de\/wp-json\/wp\/v2\/comments?post=3688"}],"version-history":[{"count":5,"href":"https:\/\/maintenance.orpailleur.ch\/de\/wp-json\/wp\/v2\/pages\/3688\/revisions"}],"predecessor-version":[{"id":13064,"href":"https:\/\/maintenance.orpailleur.ch\/de\/wp-json\/wp\/v2\/pages\/3688\/revisions\/13064"}],"wp:attachment":[{"href":"https:\/\/maintenance.orpailleur.ch\/de\/wp-json\/wp\/v2\/media?parent=3688"}],"curies":[{"name":"wp","href":"https:\/\/api.w.org\/{rel}","templated":true}]}}